{"id":91,"date":"2012-01-26T15:41:07","date_gmt":"2012-01-26T14:41:07","guid":{"rendered":"http:\/\/www.granulex.fr\/?page_id=91"},"modified":"2012-05-31T12:18:42","modified_gmt":"2012-05-31T10:18:42","slug":"conditionnement","status":"publish","type":"page","link":"https:\/\/www.granulex.fr\/?page_id=91","title":{"rendered":"Conditionnement"},"content":{"rendered":"<table width=\"720\" border=\"0\" cellspacing=\"0\" cellpadding=\"0\" class=\"conditionnement\">\n<tbody>\n<tr class=\"gris\">\n<td colspan=\"7\" style=\"text-align:center\"><strong>Conditionnement<\/strong><\/td>\n<\/tr>\n<tr class=\"titre\">\n<td>&nbsp;<\/td>\n<td>Sac 25 kg<\/td>\n<td>Big Bag 1 m3<\/td>\n<td>Big Bag 1.5 m3<\/td>\n<td>Big Bag 2.2 m3<\/td>\n<td>Benne<\/td>\n<td>Citerne<\/td>\n<\/tr>\n<tr class=\"gris\">\n<td class=\"titre\">Granulom\u00e9trie de 0 \u00e0 10mm<\/td>\n<td>X<\/td>\n<td>X<\/td>\n<td>X<\/td>\n<td><\/td>\n<td>X<\/td>\n<td>X<\/td>\n<\/tr>\n<tr>\n<td class=\"titre\">Granulom\u00e9trie de 16 \u00e0 30mm<\/td>\n<td>X<\/td>\n<td>X<\/td>\n<td>X<\/td>\n<td>X<\/td>\n<td>X<\/td>\n<td><\/td>\n<\/tr>\n<\/tbody>\n<\/table>\n<div class=\"left_bloc\">\n<img loading=\"lazy\" decoding=\"async\" src=\"http:\/\/www.granulex.fr\/wp-content\/uploads\/2012\/01\/camion.jpg\" alt=\"camion\" title=\"camion citerne Argentais\" width=\"360\" height=\"239\" class=\"aligncenter size-full wp-image-725\" srcset=\"https:\/\/www.granulex.fr\/wp-content\/uploads\/2012\/01\/camion.jpg 360w, https:\/\/www.granulex.fr\/wp-content\/uploads\/2012\/01\/camion-300x199.jpg 300w\" sizes=\"auto, (max-width: 360px) 100vw, 360px\" \/>\n<\/div>\n<div class=\"right_bloc\">\n<img loading=\"lazy\" decoding=\"async\" src=\"http:\/\/www.granulex.fr\/wp-content\/uploads\/2012\/01\/conditionnement-Granulex1.jpg\" alt=\"conditionnement-Granulex\" title=\"Big bag Granulex\" width=\"360\" height=\"240\" class=\"aligncenter size-full wp-image-737\" srcset=\"https:\/\/www.granulex.fr\/wp-content\/uploads\/2012\/01\/conditionnement-Granulex1.jpg 360w, https:\/\/www.granulex.fr\/wp-content\/uploads\/2012\/01\/conditionnement-Granulex1-300x200.jpg 300w\" sizes=\"auto, (max-width: 360px) 100vw, 360px\" \/>\n<\/div>\n","protected":false},"excerpt":{"rendered":"<p>Conditionnement &nbsp; Sac 25 kg Big Bag 1 m3 Big Bag 1.5 m3 Big Bag 2.2 m3 Benne Citerne Granulom\u00e9trie de 0 \u00e0 10mm X X X X X Granulom\u00e9trie de 16 \u00e0 30mm X X X X X<\/p>\n","protected":false},"author":4,"featured_media":0,"parent":2,"menu_order":2,"comment_status":"closed","ping_status":"open","template":"","meta":{"footnotes":""},"class_list":["post-91","page","type-page","status-publish","hentry"],"_links":{"self":[{"href":"https:\/\/www.granulex.fr\/index.php?rest_route=\/wp\/v2\/pages\/91","targetHints":{"allow":["GET"]}}],"collection":[{"href":"https:\/\/www.granulex.fr\/index.php?rest_route=\/wp\/v2\/pages"}],"about":[{"href":"https:\/\/www.granulex.fr\/index.php?rest_route=\/wp\/v2\/types\/page"}],"author":[{"embeddable":true,"href":"https:\/\/www.granulex.fr\/index.php?rest_route=\/wp\/v2\/users\/4"}],"replies":[{"embeddable":true,"href":"https:\/\/www.granulex.fr\/index.php?rest_route=%2Fwp%2Fv2%2Fcomments&post=91"}],"version-history":[{"count":17,"href":"https:\/\/www.granulex.fr\/index.php?rest_route=\/wp\/v2\/pages\/91\/revisions"}],"predecessor-version":[{"id":795,"href":"https:\/\/www.granulex.fr\/index.php?rest_route=\/wp\/v2\/pages\/91\/revisions\/795"}],"up":[{"embeddable":true,"href":"https:\/\/www.granulex.fr\/index.php?rest_route=\/wp\/v2\/pages\/2"}],"wp:attachment":[{"href":"https:\/\/www.granulex.fr\/index.php?rest_route=%2Fwp%2Fv2%2Fmedia&parent=91"}],"curies":[{"name":"wp","href":"https:\/\/api.w.org\/{rel}","templated":true}]}}