{"id":690,"date":"2012-05-30T10:02:54","date_gmt":"2012-05-30T08:02:54","guid":{"rendered":"http:\/\/www.granulex.fr\/?page_id=690"},"modified":"2021-02-22T14:46:59","modified_gmt":"2021-02-22T13:46:59","slug":"telechargements","status":"publish","type":"page","link":"https:\/\/www.granulex.fr\/?page_id=690","title":{"rendered":"T\u00e9l\u00e9chargements"},"content":{"rendered":"<p>T\u00e9l\u00e9chargez tous nos documents commerciaux au format PDF.<\/p>\n<div style=\"width: 100%;\">\n<div style=\"width: 48%; float: left;\">\n<h3>Granulex\u00ae, isolant, r\u00e9sistant et l\u00e9ger<\/h3>\n<p><a href=\"https:\/\/www.granulex.fr\/wp-content\/uploads\/2021\/02\/BAT5-Granulex.pdf\" target=\"_blank\" rel=\"noopener noreferrer\"><img loading=\"lazy\" decoding=\"async\" class=\"alignleft size-full wp-image-698\" title=\"Granulex, isolant, r\u00e9sistant et l\u00e9ger\" src=\"\/wp-content\/uploads\/2012\/05\/plaquette_granulex-1.png\" alt=\"Granulex, isolant, r\u00e9sistant et l\u00e9ger\" width=\"350\" height=\"247\" srcset=\"https:\/\/www.granulex.fr\/wp-content\/uploads\/2012\/05\/plaquette_granulex-1.png 350w, https:\/\/www.granulex.fr\/wp-content\/uploads\/2012\/05\/plaquette_granulex-1-300x211.png 300w\" sizes=\"auto, (max-width: 350px) 100vw, 350px\" \/><\/a><\/p>\n<\/div>\n<\/div>\n","protected":false},"excerpt":{"rendered":"<p>T\u00e9l\u00e9chargez tous nos documents commerciaux au format PDF. Granulex\u00ae, isolant, r\u00e9sistant et l\u00e9ger<\/p>\n","protected":false},"author":4,"featured_media":0,"parent":0,"menu_order":0,"comment_status":"closed","ping_status":"open","template":"","meta":{"footnotes":""},"class_list":["post-690","page","type-page","status-publish","hentry"],"_links":{"self":[{"href":"https:\/\/www.granulex.fr\/index.php?rest_route=\/wp\/v2\/pages\/690","targetHints":{"allow":["GET"]}}],"collection":[{"href":"https:\/\/www.granulex.fr\/index.php?rest_route=\/wp\/v2\/pages"}],"about":[{"href":"https:\/\/www.granulex.fr\/index.php?rest_route=\/wp\/v2\/types\/page"}],"author":[{"embeddable":true,"href":"https:\/\/www.granulex.fr\/index.php?rest_route=\/wp\/v2\/users\/4"}],"replies":[{"embeddable":true,"href":"https:\/\/www.granulex.fr\/index.php?rest_route=%2Fwp%2Fv2%2Fcomments&post=690"}],"version-history":[{"count":19,"href":"https:\/\/www.granulex.fr\/index.php?rest_route=\/wp\/v2\/pages\/690\/revisions"}],"predecessor-version":[{"id":990,"href":"https:\/\/www.granulex.fr\/index.php?rest_route=\/wp\/v2\/pages\/690\/revisions\/990"}],"wp:attachment":[{"href":"https:\/\/www.granulex.fr\/index.php?rest_route=%2Fwp%2Fv2%2Fmedia&parent=690"}],"curies":[{"name":"wp","href":"https:\/\/api.w.org\/{rel}","templated":true}]}}