{"id":327,"date":"2012-05-24T10:00:18","date_gmt":"2012-05-24T08:00:18","guid":{"rendered":"http:\/\/www.granulex.fr\/?page_id=327"},"modified":"2012-06-05T11:29:27","modified_gmt":"2012-06-05T09:29:27","slug":"traitement-eau-et-air","status":"publish","type":"page","link":"https:\/\/www.granulex.fr\/?page_id=327","title":{"rendered":"Traitement eau et air"},"content":{"rendered":"<div class=\"left_bloc\">\n<a href=\"http:\/\/www.granulex.fr\/?page_id=107\"><img loading=\"lazy\" decoding=\"async\" src=\"http:\/\/www.granulex.fr\/wp-content\/uploads\/2012\/05\/biofiltres.jpg\" alt=\"biofiltres\" title=\"biofiltres\" width=\"360\" height=\"150\" class=\"aligncenter size-full wp-image-627\" srcset=\"https:\/\/www.granulex.fr\/wp-content\/uploads\/2012\/05\/biofiltres.jpg 360w, https:\/\/www.granulex.fr\/wp-content\/uploads\/2012\/05\/biofiltres-300x125.jpg 300w\" sizes=\"auto, (max-width: 360px) 100vw, 360px\" \/><\/a><\/p>\n<h3><a href=\"http:\/\/www.granulex.fr\/?page_id=107\" title=\"Biofiltres\">Biofiltres<\/a><\/h3>\n<p>L\u2019utilisation des ardoises ou schistes expans\u00e9s dans le monde de la filtration est mondialement connue. En effet, les besoins des stations d\u2019\u00e9puration de grande envergure n\u00e9cessitent un gravillon suffisamment l\u00e9ger pour permettre une d\u00e9colmatation ais\u00e9e, mais une r\u00e9sistance \u00e0 l\u2019attrition \u00e9lev\u00e9e\n<\/p><\/div>\n<div class=\"right_bloc\">\n<a href=\"http:\/\/www.granulex.fr\/?page_id=119\"><img loading=\"lazy\" decoding=\"async\" src=\"http:\/\/www.granulex.fr\/wp-content\/uploads\/2012\/05\/structure-microporeuse.jpg\" alt=\"structure microporeuse\" title=\"structure microporeuse\" width=\"360\" height=\"150\" class=\"aligncenter size-full wp-image-630\" srcset=\"https:\/\/www.granulex.fr\/wp-content\/uploads\/2012\/05\/structure-microporeuse.jpg 360w, https:\/\/www.granulex.fr\/wp-content\/uploads\/2012\/05\/structure-microporeuse-300x125.jpg 300w\" sizes=\"auto, (max-width: 360px) 100vw, 360px\" \/><\/a><\/p>\n<h3><a href=\"http:\/\/www.granulex.fr\/?page_id=119\" title=\"Traitement de l\u2019air vici\u00e9\">Traitement de l\u2019air vici\u00e9<\/a><\/h3>\n<p>Structure vitrifi\u00e9e r\u00e9sistante aux attaques acides et basiques, l\u2019ardoise expans\u00e9e ne s\u2019alt\u00e8re pas quelque soit la nature des produits filtr\u00e9s. Cette r\u00e9sistance assure des co\u00fbts d\u2019entretien extr\u00eamement bas pour vos solutions de filtration.\n<\/p><\/div>\n<div style=\"clear:both;padding-top:25px;\">\n<div class=\"left_bloc\">\n<a href=\"http:\/\/www.granulex.fr\/?page_id=123\"><img loading=\"lazy\" decoding=\"async\" src=\"http:\/\/www.granulex.fr\/wp-content\/uploads\/2012\/05\/lit-bact\u00e9rie.jpg\" alt=\"lit bact\u00e9rien\" title=\"lit bact\u00e9rien\" width=\"360\" height=\"150\" class=\"aligncenter size-full wp-image-628\" srcset=\"https:\/\/www.granulex.fr\/wp-content\/uploads\/2012\/05\/lit-bact\u00e9rie.jpg 360w, https:\/\/www.granulex.fr\/wp-content\/uploads\/2012\/05\/lit-bact\u00e9rie-300x125.jpg 300w\" sizes=\"auto, (max-width: 360px) 100vw, 360px\" \/><\/a><\/p>\n<h3><a href=\"http:\/\/www.granulex.fr\/?page_id=123\" title=\"Lit bact\u00e9rien\">Lit bact\u00e9rien<\/a><\/h3>\n<p>Les performances m\u00e9caniques sont \u00e9galement un atout pour l\u2019utilisation des sables de <span style=\"font-weight:bold\">Granulex\u00ae<\/span> dans un lagunage ou un filtre plant\u00e9. De surcro\u00eet, sa structure vitrifi\u00e9e et son absence de CaO assure une dur\u00e9e illimit\u00e9e de votre filtre.\n<\/div>\n<\/div>\n<div class=\"presse\">\n<h1>Le web et la presse en parlent &#8230;<\/h1>\n<ul>\n<li><\/li>\n<\/ul>\n<\/div>\n","protected":false},"excerpt":{"rendered":"<p>Biofiltres L\u2019utilisation des ardoises ou schistes expans\u00e9s dans le monde de la filtration est mondialement connue. En effet, les besoins des stations d\u2019\u00e9puration de grande envergure n\u00e9cessitent un gravillon suffisamment l\u00e9ger pour permettre une d\u00e9colmatation ais\u00e9e, mais une r\u00e9sistance \u00e0 &hellip; <a href=\"https:\/\/www.granulex.fr\/?page_id=327\">Continuer la lecture <span class=\"meta-nav\">&rarr;<\/span><\/a><\/p>\n","protected":false},"author":4,"featured_media":0,"parent":302,"menu_order":5,"comment_status":"closed","ping_status":"closed","template":"page-eau.php","meta":{"footnotes":""},"class_list":["post-327","page","type-page","status-publish","hentry"],"_links":{"self":[{"href":"https:\/\/www.granulex.fr\/index.php?rest_route=\/wp\/v2\/pages\/327","targetHints":{"allow":["GET"]}}],"collection":[{"href":"https:\/\/www.granulex.fr\/index.php?rest_route=\/wp\/v2\/pages"}],"about":[{"href":"https:\/\/www.granulex.fr\/index.php?rest_route=\/wp\/v2\/types\/page"}],"author":[{"embeddable":true,"href":"https:\/\/www.granulex.fr\/index.php?rest_route=\/wp\/v2\/users\/4"}],"replies":[{"embeddable":true,"href":"https:\/\/www.granulex.fr\/index.php?rest_route=%2Fwp%2Fv2%2Fcomments&post=327"}],"version-history":[{"count":12,"href":"https:\/\/www.granulex.fr\/index.php?rest_route=\/wp\/v2\/pages\/327\/revisions"}],"predecessor-version":[{"id":903,"href":"https:\/\/www.granulex.fr\/index.php?rest_route=\/wp\/v2\/pages\/327\/revisions\/903"}],"up":[{"embeddable":true,"href":"https:\/\/www.granulex.fr\/index.php?rest_route=\/wp\/v2\/pages\/302"}],"wp:attachment":[{"href":"https:\/\/www.granulex.fr\/index.php?rest_route=%2Fwp%2Fv2%2Fmedia&parent=327"}],"curies":[{"name":"wp","href":"https:\/\/api.w.org\/{rel}","templated":true}]}}