{"id":305,"date":"2012-05-24T09:49:23","date_gmt":"2012-05-24T07:49:23","guid":{"rendered":"http:\/\/www.granulex.fr\/?page_id=305"},"modified":"2012-06-05T11:28:54","modified_gmt":"2012-06-05T09:28:54","slug":"bpe-prefa","status":"publish","type":"page","link":"https:\/\/www.granulex.fr\/?page_id=305","title":{"rendered":"BPE \/ Pr\u00e9fa"},"content":{"rendered":"<div class=\"left_bloc\">\n<a href=\"http:\/\/www.granulex.fr\/?page_id=105\"><img loading=\"lazy\" decoding=\"async\" src=\"http:\/\/www.granulex.fr\/wp-content\/uploads\/2012\/05\/beton-isolant.jpg\" alt=\"beton-isolant\" title=\"B\u00e9ton isolant\" width=\"360\" height=\"150\" class=\"aligncenter size-full wp-image-605\" srcset=\"https:\/\/www.granulex.fr\/wp-content\/uploads\/2012\/05\/beton-isolant.jpg 360w, https:\/\/www.granulex.fr\/wp-content\/uploads\/2012\/05\/beton-isolant-300x125.jpg 300w\" sizes=\"auto, (max-width: 360px) 100vw, 360px\" \/><\/a><\/p>\n<h3><a href=\"http:\/\/www.granulex.fr\/?page_id=105\" title=\"B\u00e9ton isolant\">B\u00e9ton isolant<\/a><\/h3>\n<p>De nombreuses solutions thermiques ont d\u00e9j\u00e0 \u00e9t\u00e9 d\u00e9velopp\u00e9es avec <span style=\"font-weight:bold\">Granulex\u00ae<\/span> et biens d\u2019autres sont envisageables pour limiter fuites thermiques dans un b\u00e2timent.\n<\/div>\n<div class=\"right_bloc\">\n<a href=\"http:\/\/www.granulex.fr\/?page_id=103\"><img loading=\"lazy\" decoding=\"async\" src=\"http:\/\/www.granulex.fr\/wp-content\/uploads\/2012\/05\/beton-leger.jpg\" alt=\"beton-leger\" title=\"B\u00e9ton l\u00e9ger\" width=\"360\" height=\"150\" class=\"aligncenter size-full wp-image-606\" srcset=\"https:\/\/www.granulex.fr\/wp-content\/uploads\/2012\/05\/beton-leger.jpg 360w, https:\/\/www.granulex.fr\/wp-content\/uploads\/2012\/05\/beton-leger-300x125.jpg 300w\" sizes=\"auto, (max-width: 360px) 100vw, 360px\" \/><\/a><\/p>\n<h3><a href=\"http:\/\/www.granulex.fr\/?page_id=103\" title=\"B\u00e9ton l\u00e9ger\">B\u00e9ton l\u00e9ger<\/a><\/h3>\n<p>Ouvrage prestigieux r\u00e9alis\u00e9 en ardoise expans\u00e9e, le Golden Gate, construit \u00e0 San Fransisco en 1933 symbolise la r\u00e9sistance des b\u00e9tons l\u00e9gers structurels. Pont suspendu le plus long du monde, il n\u2019aurait pu voir le jour sans l\u2019association unique de l\u00e9g\u00e8ret\u00e9 et de r\u00e9sistance  que repr\u00e9sentent les granulats d\u2019ardoise expans\u00e9e.\n<\/p><\/div>\n<div style=\"clear:both;padding-top:25px;\">\n<div class=\"left_bloc\">\n<a href=\"http:\/\/www.granulex.fr\/?page_id=111\"><img loading=\"lazy\" decoding=\"async\" src=\"http:\/\/www.granulex.fr\/wp-content\/uploads\/2012\/05\/easytherm.jpg\" alt=\"bloc beton isolant easytherm\" title=\"bloc beton isolant easytherm\" width=\"360\" height=\"150\" class=\"aligncenter size-full wp-image-819\" srcset=\"https:\/\/www.granulex.fr\/wp-content\/uploads\/2012\/05\/easytherm.jpg 360w, https:\/\/www.granulex.fr\/wp-content\/uploads\/2012\/05\/easytherm-300x125.jpg 300w\" sizes=\"auto, (max-width: 360px) 100vw, 360px\" \/><\/a><\/p>\n<h3><a href=\"http:\/\/www.granulex.fr\/?page_id=111\" title=\"Bloc b\u00e9ton isolant\">Bloc b\u00e9ton isolant<\/a><\/h3>\n<p><span style=\"font-weight:bold\">Granulex\u00ae<\/span> est le seul agr\u00e9gat l\u00e9ger permettant de concevoir des blocs b\u00e9tons pr\u00e9sentant toutes les qualit\u00e9s des produits standards, eux-m\u00eames incontest\u00e9s pour leurs qualit\u00e9s m\u00e9caniques et leur accroche des enduits exceptionnelles.\n<\/div>\n<div class=\"right_bloc\">\n<a href=\"http:\/\/www.granulex.fr\/?page_id=109\"><img loading=\"lazy\" decoding=\"async\" src=\"http:\/\/www.granulex.fr\/wp-content\/uploads\/2012\/05\/bloc-beton-leger.jpg\" alt=\"bloc-beton-leger\" title=\"Bloc b\u00e9ton all\u00e9g\u00e9\" width=\"360\" height=\"150\" class=\"aligncenter size-full wp-image-608\" srcset=\"https:\/\/www.granulex.fr\/wp-content\/uploads\/2012\/05\/bloc-beton-leger.jpg 360w, https:\/\/www.granulex.fr\/wp-content\/uploads\/2012\/05\/bloc-beton-leger-300x125.jpg 300w\" sizes=\"auto, (max-width: 360px) 100vw, 360px\" \/><\/a><\/p>\n<h3><a href=\"http:\/\/www.granulex.fr\/?page_id=109\" title=\"Bloc b\u00e9ton all\u00e9g\u00e9\">Bloc b\u00e9ton l\u00e9ger<\/a><\/h3>\n<p><span style=\"font-weight:bold\">Granulex\u00ae<\/span> vous apporte la possibilit\u00e9 de r\u00e9aliser n\u2019importe quel b\u00e9ton, la l\u00e9g\u00e8ret\u00e9 en plus. Pour les pr\u00e9fabricants, il est donc possible de r\u00e9aliser des blocs b\u00e9tons dans leurs moules standards.\n<\/div>\n<\/div>\n<div class=\"presse\">\n<h1>Le web et la presse en parlent &#8230;<\/h1>\n<ul>\n<li>Batiweb.com &#8211; <a href=\"http:\/\/www.batiweb.com\/actualites\/publi-redactionnels\/granulex-et-cmeg-solutions-en-beton-isolant-structuel-04-06-2012-19386.html\" target=\"_blank\">Granulex et CMEG : Solutions en B\u00e9ton Isolant Structuel<\/a><\/li>\n<\/ul>\n<\/div>\n","protected":false},"excerpt":{"rendered":"<p>B\u00e9ton isolant De nombreuses solutions thermiques ont d\u00e9j\u00e0 \u00e9t\u00e9 d\u00e9velopp\u00e9es avec Granulex\u00ae et biens d\u2019autres sont envisageables pour limiter fuites thermiques dans un b\u00e2timent. B\u00e9ton l\u00e9ger Ouvrage prestigieux r\u00e9alis\u00e9 en ardoise expans\u00e9e, le Golden Gate, construit \u00e0 San Fransisco en &hellip; <a href=\"https:\/\/www.granulex.fr\/?page_id=305\">Continuer la lecture <span class=\"meta-nav\">&rarr;<\/span><\/a><\/p>\n","protected":false},"author":4,"featured_media":0,"parent":302,"menu_order":1,"comment_status":"closed","ping_status":"closed","template":"page-bpe.php","meta":{"footnotes":""},"class_list":["post-305","page","type-page","status-publish","hentry"],"_links":{"self":[{"href":"https:\/\/www.granulex.fr\/index.php?rest_route=\/wp\/v2\/pages\/305","targetHints":{"allow":["GET"]}}],"collection":[{"href":"https:\/\/www.granulex.fr\/index.php?rest_route=\/wp\/v2\/pages"}],"about":[{"href":"https:\/\/www.granulex.fr\/index.php?rest_route=\/wp\/v2\/types\/page"}],"author":[{"embeddable":true,"href":"https:\/\/www.granulex.fr\/index.php?rest_route=\/wp\/v2\/users\/4"}],"replies":[{"embeddable":true,"href":"https:\/\/www.granulex.fr\/index.php?rest_route=%2Fwp%2Fv2%2Fcomments&post=305"}],"version-history":[{"count":24,"href":"https:\/\/www.granulex.fr\/index.php?rest_route=\/wp\/v2\/pages\/305\/revisions"}],"predecessor-version":[{"id":901,"href":"https:\/\/www.granulex.fr\/index.php?rest_route=\/wp\/v2\/pages\/305\/revisions\/901"}],"up":[{"embeddable":true,"href":"https:\/\/www.granulex.fr\/index.php?rest_route=\/wp\/v2\/pages\/302"}],"wp:attachment":[{"href":"https:\/\/www.granulex.fr\/index.php?rest_route=%2Fwp%2Fv2%2Fmedia&parent=305"}],"curies":[{"name":"wp","href":"https:\/\/api.w.org\/{rel}","templated":true}]}}