{"id":302,"date":"2012-05-24T09:46:57","date_gmt":"2012-05-24T07:46:57","guid":{"rendered":"http:\/\/www.granulex.fr\/?page_id=302"},"modified":"2012-05-31T16:22:20","modified_gmt":"2012-05-31T14:22:20","slug":"utilisations-2","status":"publish","type":"page","link":"https:\/\/www.granulex.fr\/?page_id=302","title":{"rendered":"Utilisations"},"content":{"rendered":"<div class=\"petit-bpe\">\n<h2 class=\"bloc-accueil\" style=\"padding-top:0\">Solutions constructives BPE \/ Pr\u00e9fa<\/h2>\n<div class=\"photo\">\n\t<a title=\"B\u00e9ton isolant\" href=\"http:\/\/www.granulex.fr\/?page_id=105\"><img decoding=\"async\" src=\"http:\/\/www.granulex.fr\/wp-content\/themes\/twentyeleven\/images\/beton-isolant-accueil.jpg\" title=\"b\u00e9ton isolant\" alt=\"b\u00e9ton isolant\" \/><span class=\"titre-photo bpe\">B\u00e9ton isolant<\/span><\/a>\n<\/div>\n<div class=\"photo\">\n\t<a title=\"B\u00e9ton l\u00e9ger\" href=\"http:\/\/www.granulex.fr\/?page_id=103\"><img decoding=\"async\" src=\"http:\/\/www.granulex.fr\/wp-content\/themes\/twentyeleven\/images\/beton-leger-accueil.jpg\" title=\"b\u00e9ton l\u00e9ger\" alt=\"b\u00e9ton l\u00e9ger\" \/><span class=\"titre-photo bpe\">B\u00e9ton l\u00e9ger<\/span><br \/>\n\t<\/a>\n<\/div>\n<div class=\"photo\">\n\t<a title=\"Bloc b\u00e9ton isolant\" href=\"http:\/\/www.granulex.fr\/?page_id=111\"><img decoding=\"async\" src=\"http:\/\/www.granulex.fr\/wp-content\/themes\/twentyeleven\/images\/bloc-beton-isolant-accueil.jpg\" title=\"bloc b\u00e9ton isolant\" alt=\"bloc b\u00e9ton isolant\" \/><span class=\"titre-photo bpe\">Bloc b\u00e9ton isolant<\/span><br \/>\n\t<\/a>\n<\/div>\n<div class=\"photo last\">\n\t<a title=\"Bloc b\u00e9ton all\u00e9g\u00e9\" href=\"http:\/\/www.granulex.fr\/?page_id=109\"><img decoding=\"async\" src=\"http:\/\/www.granulex.fr\/wp-content\/themes\/twentyeleven\/images\/bloc-beton-leger-accueil.jpg\" title=\"bloc b\u00e9ton all\u00e9g\u00e9\" alt=\"bloc b\u00e9ton all\u00e9g\u00e9\" \/><span class=\"titre-photo bpe\">Bloc b\u00e9ton all\u00e9g\u00e9<\/span><br \/>\n\t<\/a>\n<\/div>\n<h2 class=\"bloc-accueil\">Solutions environementales<\/h2>\n<div class=\"photo\">\n\t<a title=\"Toivert\" href=\"http:\/\/www.granulex.fr\/?page_id=127\"><img decoding=\"async\" src=\"http:\/\/www.granulex.fr\/wp-content\/themes\/twentyeleven\/images\/toivert-accueil.jpg\" title=\"Toivert\" alt=\"Toivert\" \/><span class=\"titre-photo paysage\">Toivert<\/span><br \/>\n\t<\/a>\n<\/div>\n<div class=\"photo\">\n\t<a title=\"Dalle chaux schiste\" href=\"http:\/\/www.granulex.fr\/?page_id=113\"><img decoding=\"async\" src=\"http:\/\/www.granulex.fr\/wp-content\/themes\/twentyeleven\/images\/chauxschiste-accueil.jpg\" title=\"Dalle Chaux Schiste\" alt=\"Dalle Chaux Schiste\" \/><span class=\"titre-photo paysage\">Dalle Chaux Schiste<\/span><br \/>\n\t<\/a>\n<\/div>\n<div class=\"photo\">\n\t<a title=\"\u00c9cosol\" href=\"http:\/\/www.granulex.fr\/?page_id=117\"><img decoding=\"async\" src=\"http:\/\/www.granulex.fr\/wp-content\/themes\/twentyeleven\/images\/ecosol.jpg\" title=\"Ecosol\" alt=\"Ecosol\" \/><span class=\"titre-photo paysage\">Ecosol<\/span><br \/>\n\t<\/a>\n<\/div>\n<div class=\"photo last\">\n\t<a title=\"Granulex\u00ae paillage\" href=\"http:\/\/www.granulex.fr\/?page_id=121\"><img decoding=\"async\" src=\"http:\/\/www.granulex.fr\/wp-content\/themes\/twentyeleven\/images\/paillage-accueil.jpg\" title=\"Granulex\u00ae paillage\" alt=\"Granulex\u00ae paillage\" \/><span class=\"titre-photo paysage\">Granulex\u00ae paillage<\/span><br \/>\n\t<\/a>\n<\/div>\n<h2 class=\"bloc-accueil last\">Solutions contructives TP<\/h2>\n<div style=\"clear:both\">\n<div class=\"photo\">\n\t<a title=\"Lit bact\u00e9rien\" href=\"http:\/\/www.granulex.fr\/?page_id=123\"><img decoding=\"async\" src=\"http:\/\/www.granulex.fr\/wp-content\/themes\/twentyeleven\/images\/lit-bacterie-accueil.jpg\" title=\"Lit bact\u00e9rien\" alt=\"Lit bact\u00e9rien\" \/><span class=\"titre-photo eau\">Lit bact\u00e9rien<\/span><br \/>\n\t<\/a>\n<\/div>\n<div class=\"photo\">\n\t<a title=\"Biofiltres\" href=\"http:\/\/www.granulex.fr\/?page_id=107\"><img decoding=\"async\" src=\"http:\/\/www.granulex.fr\/wp-content\/themes\/twentyeleven\/images\/biofiltres-accueil.jpg\" title=\"Biofiltres\" alt=\"Biofiltres\" \/><span class=\"titre-photo eau\">Biofiltres<\/span><br \/>\n\t<\/a>\n<\/div>\n<div class=\"photo \">\n\t<a title=\"Filtration air\" href=\"http:\/\/www.granulex.fr\/?page_id=119\"><img decoding=\"async\" src=\"http:\/\/www.granulex.fr\/wp-content\/themes\/twentyeleven\/images\/structure-microporeuse-accueil.jpg\" title=\"Traitement de l\u2019air vici\u00e9\" alt=\"Traitement de l\u2019air vici\u00e9\" \/><span class=\"titre-photo eau\">Traitement de l\u2019air vici\u00e9<\/span><br \/>\n\t<\/a>\n<\/div>\n<div class=\"photo last\">\n\t<a title=\"Remblais technique\" href=\"http:\/\/www.granulex.fr\/?page_id=125\"><img decoding=\"async\" src=\"http:\/\/www.granulex.fr\/wp-content\/themes\/twentyeleven\/images\/remblais-technique-accueil.jpg\" title=\"Remblais technique\" alt=\"Remblais technique\" \/><span class=\"titre-photo tp\">Remblais technique<\/span><br \/>\n\t<\/a>\n<\/div>\n<p class=\"clear\">&nbsp;<\/p>\n<\/div>\n<\/div>\n","protected":false},"excerpt":{"rendered":"<p>Solutions constructives BPE \/ Pr\u00e9fa B\u00e9ton isolant B\u00e9ton l\u00e9ger Bloc b\u00e9ton isolant Bloc b\u00e9ton all\u00e9g\u00e9 Solutions environementales Toivert Dalle Chaux Schiste Ecosol Granulex\u00ae paillage Solutions contructives TP Lit bact\u00e9rien Biofiltres Traitement de l\u2019air vici\u00e9 Remblais technique &nbsp;<\/p>\n","protected":false},"author":4,"featured_media":0,"parent":0,"menu_order":2,"comment_status":"closed","ping_status":"open","template":"","meta":{"footnotes":""},"class_list":["post-302","page","type-page","status-publish","hentry"],"_links":{"self":[{"href":"https:\/\/www.granulex.fr\/index.php?rest_route=\/wp\/v2\/pages\/302","targetHints":{"allow":["GET"]}}],"collection":[{"href":"https:\/\/www.granulex.fr\/index.php?rest_route=\/wp\/v2\/pages"}],"about":[{"href":"https:\/\/www.granulex.fr\/index.php?rest_route=\/wp\/v2\/types\/page"}],"author":[{"embeddable":true,"href":"https:\/\/www.granulex.fr\/index.php?rest_route=\/wp\/v2\/users\/4"}],"replies":[{"embeddable":true,"href":"https:\/\/www.granulex.fr\/index.php?rest_route=%2Fwp%2Fv2%2Fcomments&post=302"}],"version-history":[{"count":18,"href":"https:\/\/www.granulex.fr\/index.php?rest_route=\/wp\/v2\/pages\/302\/revisions"}],"predecessor-version":[{"id":856,"href":"https:\/\/www.granulex.fr\/index.php?rest_route=\/wp\/v2\/pages\/302\/revisions\/856"}],"wp:attachment":[{"href":"https:\/\/www.granulex.fr\/index.php?rest_route=%2Fwp%2Fv2%2Fmedia&parent=302"}],"curies":[{"name":"wp","href":"https:\/\/api.w.org\/{rel}","templated":true}]}}