{"id":17,"date":"2011-11-24T11:34:18","date_gmt":"2011-11-24T10:34:18","guid":{"rendered":"http:\/\/www.granulex.fr\/?page_id=17"},"modified":"2012-05-31T16:38:49","modified_gmt":"2012-05-31T14:38:49","slug":"recherche-developpement","status":"publish","type":"page","link":"https:\/\/www.granulex.fr\/?page_id=17","title":{"rendered":"Recherche &#038; D\u00e9veloppement"},"content":{"rendered":"<div class=\"left_bloc\">\n<h3 style=\"margin-bottom:15px\">B\u00e9tons structurels, isolants, solutions environnementales, votre fournisseur d\u2019agr\u00e9gat expans\u00e9 est \u00e0 votre disposition pour d\u00e9velopper avec vous de nouveaux march\u00e9s.<\/h3>\n<p><span style=\"color: #9c4a0e;\">\u2022<\/span> Aide \u00e0 la formulation de b\u00e9tons l\u00e9gers, conception de nouveaux produits, c\u2019est dans un esprit partenaire que nous travaillons avec nos clients pour adapter l\u2019offre de produits \u00e0 l\u2019\u00e9volution constante des normes techniques et environnementales.<\/p>\n<p><img loading=\"lazy\" decoding=\"async\" src=\"http:\/\/www.granulex.fr\/wp-content\/uploads\/2011\/11\/BAT1-Granulex-p2a23-29.png\" alt=\"logo universit\u00e9 pontoise\" title=\"logo universit\u00e9 pontoise\" width=\"95\" height=\"59\" class=\"alignleft size-full wp-image-554\"  style=\"margin:20px 27px 0 0 \"\/><img loading=\"lazy\" decoding=\"async\" src=\"http:\/\/www.granulex.fr\/wp-content\/uploads\/2011\/11\/BAT1-Granulex-p2a23-30.png\" alt=\"logo cerib\" title=\"logo cerib\" width=\"95\" height=\"27\" class=\"alignleft  size-full wp-image-556\"  style=\"margin:35px 30px 0 0\"\/><img loading=\"lazy\" decoding=\"async\" src=\"http:\/\/www.granulex.fr\/wp-content\/uploads\/2011\/11\/Sans-titre-1.jpg\" alt=\"logo didome\" title=\"logo didome\" width=\"100\" height=\"100\" class=\"alignleft size-full wp-image-557\" \/><\/p>\n<h2>D\u00e9marche qualit\u00e9<\/h2>\n<p><span style=\"color: #9c4a0e;\">\u2022<\/span> <span style=\"font-weight:bold\">Granulex\u00ae<\/span> r\u00e9pond \u00e0 la norme CE (cat\u00e9gorie 4).<\/p>\n<p><span style=\"color: #9c4a0e;\">\u2022<\/span> Il est conforme \u00e0 la Norme CE 13055-1<\/p>\n<p><span style=\"color: #9c4a0e;\">\u2022<\/span> <span style=\"font-weight:bold\">Granulex\u00ae<\/span> vous apporte un rapport masse\/performance<br \/>\nm\u00e9canique propre \u00e0 r\u00e9pondre \u00e0 des besoins tr\u00e8s particuliers dans vos industries. Aussi, ces param\u00e8tres font l\u2019objet de contr\u00f4les drastiques toutes les 30 minutes pendant les phases d\u2019expansion.<\/p>\n<p><span style=\"color: #9c4a0e;\">\u2022<\/span> Travaillant en \u00e9troite collaboration avec le LEM, nos \u00e9quipes vous assurent \u00e9galement une min\u00e9ralogie d\u2019une r\u00e9gularit\u00e9 exceptionnelle.<\/p>\n<p><span style=\"color: #9c4a0e;\">\u2022<\/span> Utilis\u00e9 pour des applications de filtration des eaux us\u00e9es et potables, le <span style=\"font-weight:bold\">Granulex\u00ae<\/span> est conforme \u00e0 la norme Jouet EN 71-3 (NFS 51214)<\/p>\n<\/div>\n<div class=\"right_bloc\">\n<img loading=\"lazy\" decoding=\"async\" src=\"http:\/\/www.granulex.fr\/wp-content\/uploads\/2011\/11\/essai-cstb.jpg\" alt=\"essais et tests par le cstb\" title=\"essais et tests par le cstb\" width=\"360\" height=\"480\" class=\"aligncenter size-full wp-image-652\" srcset=\"https:\/\/www.granulex.fr\/wp-content\/uploads\/2011\/11\/essai-cstb.jpg 360w, https:\/\/www.granulex.fr\/wp-content\/uploads\/2011\/11\/essai-cstb-225x300.jpg 225w\" sizes=\"auto, (max-width: 360px) 100vw, 360px\" \/><br \/>\n<img loading=\"lazy\" decoding=\"async\" src=\"http:\/\/www.granulex.fr\/wp-content\/uploads\/2011\/11\/recherche.jpg\" alt=\"recherche et d\u00e9veloppement granulex\" title=\"recherche et d\u00e9veloppement granulex\" width=\"360\" height=\"230\" class=\"aligncenter size-full wp-image-654\" srcset=\"https:\/\/www.granulex.fr\/wp-content\/uploads\/2011\/11\/recherche.jpg 360w, https:\/\/www.granulex.fr\/wp-content\/uploads\/2011\/11\/recherche-300x191.jpg 300w\" sizes=\"auto, (max-width: 360px) 100vw, 360px\" \/><br \/>\n<img loading=\"lazy\" decoding=\"async\" src=\"http:\/\/www.granulex.fr\/wp-content\/uploads\/2011\/11\/IMG00044-20091215-1019.jpg\" alt=\"tests sur le granulex\" title=\"tests sur le granulex\" width=\"360\" height=\"270\" class=\"aligncenter size-full wp-image-653\" srcset=\"https:\/\/www.granulex.fr\/wp-content\/uploads\/2011\/11\/IMG00044-20091215-1019.jpg 360w, https:\/\/www.granulex.fr\/wp-content\/uploads\/2011\/11\/IMG00044-20091215-1019-300x225.jpg 300w\" sizes=\"auto, (max-width: 360px) 100vw, 360px\" \/>\n<\/div>\n","protected":false},"excerpt":{"rendered":"<p>B\u00e9tons structurels, isolants, solutions environnementales, votre fournisseur d\u2019agr\u00e9gat expans\u00e9 est \u00e0 votre disposition pour d\u00e9velopper avec vous de nouveaux march\u00e9s. \u2022 Aide \u00e0 la formulation de b\u00e9tons l\u00e9gers, conception de nouveaux produits, c\u2019est dans un esprit partenaire que nous travaillons &hellip; <a href=\"https:\/\/www.granulex.fr\/?page_id=17\">Continuer la lecture <span class=\"meta-nav\">&rarr;<\/span><\/a><\/p>\n","protected":false},"author":4,"featured_media":0,"parent":0,"menu_order":5,"comment_status":"closed","ping_status":"closed","template":"","meta":{"footnotes":""},"class_list":["post-17","page","type-page","status-publish","hentry"],"_links":{"self":[{"href":"https:\/\/www.granulex.fr\/index.php?rest_route=\/wp\/v2\/pages\/17","targetHints":{"allow":["GET"]}}],"collection":[{"href":"https:\/\/www.granulex.fr\/index.php?rest_route=\/wp\/v2\/pages"}],"about":[{"href":"https:\/\/www.granulex.fr\/index.php?rest_route=\/wp\/v2\/types\/page"}],"author":[{"embeddable":true,"href":"https:\/\/www.granulex.fr\/index.php?rest_route=\/wp\/v2\/users\/4"}],"replies":[{"embeddable":true,"href":"https:\/\/www.granulex.fr\/index.php?rest_route=%2Fwp%2Fv2%2Fcomments&post=17"}],"version-history":[{"count":26,"href":"https:\/\/www.granulex.fr\/index.php?rest_route=\/wp\/v2\/pages\/17\/revisions"}],"predecessor-version":[{"id":873,"href":"https:\/\/www.granulex.fr\/index.php?rest_route=\/wp\/v2\/pages\/17\/revisions\/873"}],"wp:attachment":[{"href":"https:\/\/www.granulex.fr\/index.php?rest_route=%2Fwp%2Fv2%2Fmedia&parent=17"}],"curies":[{"name":"wp","href":"https:\/\/api.w.org\/{rel}","templated":true}]}}