{"id":125,"date":"2012-01-26T15:47:27","date_gmt":"2012-01-26T14:47:27","guid":{"rendered":"http:\/\/www.granulex.fr\/?page_id=125"},"modified":"2012-05-31T16:27:04","modified_gmt":"2012-05-31T14:27:04","slug":"remblais-technique","status":"publish","type":"page","link":"https:\/\/www.granulex.fr\/?page_id=125","title":{"rendered":"Remblais technique"},"content":{"rendered":"<h3 style=\"margin-bottom:15px\">Remblais all\u00e9g\u00e9s pour l\u2019industrie routi\u00e8re et les ouvrages sur sols compressibles ou \u00e0 faible portance<\/h3>\n<p><span style=\"color: #9c4a0e;\">\u2022<\/span> Lorsqu\u2019un ouvrage routier doit s\u2019\u00e9tablir sur un sol de portance faible (terrains compressibles, zones inondables) ou passer sur des ouvrages enterr\u00e9s de faibles r\u00e9sistances, l\u2019utilisation des granulats l\u00e9gers de <span style=\"font-weight:bold\">Granulex\u00ae<\/span> procure un all\u00e9gement de la fondation et m\u00eame \u00e9ventuellement de la base de la chauss\u00e9e.<\/p>\n<h2>Constance de la densit\u00e9 du mat\u00e9riau et stabilit\u00e9 chimique<\/h2>\n<p><span style=\"color: #9c4a0e;\">\u2022<\/span> La mise en place de <span style=\"font-weight:bold\">Granulex\u00ae<\/span> pour remblais all\u00e9g\u00e9s pr\u00e9sente des caract\u00e9ristiques de stabilit\u00e9 et de portance particuli\u00e8rement satisfaisantes. Il assure une <strong>constance de la densit\u00e9 du mat\u00e9riau<\/strong>, car peu hydrophile et sans risque de d\u00e9sordres cons\u00e9cutifs aux animaux fouisseurs. D&rsquo;origine min\u00e9rale les remblais <span style=\"font-weight:bold\">Granulex\u00ae<\/span> sont ininflammables, incombustibles et <strong>stable chimiquement<\/strong> quelque soit le milieu o\u00f9 il est employ\u00e9 (perte de masse &lt; 0,2 % de pH 1 \u00e0 pH 13 et r\u00e9sistance \u00e0 NaCl et NaOH).<\/p>\n<p><img loading=\"lazy\" decoding=\"async\" src=\"http:\/\/www.granulex.fr\/wp-content\/uploads\/2012\/01\/arche-de-la-d\u00e9fense.png\" alt=\"arche-de-la-d\u00e9fense\" title=\"arche-de-la-d\u00e9fense\" width=\"360\" height=\"368\" class=\"alignright size-full wp-image-435\" style=\"margin:15px 0 0 15px;\" srcset=\"https:\/\/www.granulex.fr\/wp-content\/uploads\/2012\/01\/arche-de-la-d\u00e9fense.png 360w, https:\/\/www.granulex.fr\/wp-content\/uploads\/2012\/01\/arche-de-la-d\u00e9fense-293x300.png 293w\" sizes=\"auto, (max-width: 360px) 100vw, 360px\" \/><\/p>\n<p><span style=\"color: #9c4a0e;\">\u2022<\/span> Le <span style=\"font-weight:bold\">Granulex\u00ae<\/span> est utilis\u00e9 pour la r\u00e9alisation de remblais all\u00e9g\u00e9s en creux ou en \u00e9l\u00e9vation avec des hauteurs de remblais atteignant 10 m\u00e8tres.<\/p>\n<p><span style=\"color: #9c4a0e;\">\u2022<\/span> Les remblais l\u00e9gers de <span style=\"font-weight:bold\">Granulex\u00ae<\/span> peuvent \u00eatre recouvert d\u2019un g\u00e9otextile pour les s\u00e9parer d\u2019autres mat\u00e9riaux venant en rev\u00eatement ou en accotement pour \u00e9viter les infiltrations d\u2019autres mat\u00e9riaux et conserver ainsi les caract\u00e9ristiques et les performances du produit.<\/p>\n<p><span style=\"color: #9c4a0e;\">\u2022<\/span> La mise en place du <span style=\"font-weight:bold\">Granulex\u00ae<\/span> livr\u00e9 en benne vrac ou en citerne \u00e0 vidange pneumatique s\u2019effectue par couches de 0,50 m\u00e8tres d\u2019\u00e9paisseur moyenne, soumises ensuite \u00e0 un compactage \u00e0 l\u2019aide d\u2019une plaque vibrante de masse au moins \u00e9gale \u00e0 500 kg. (6 passes sont pr\u00e9conis\u00e9es)<\/p>\n<p><span style=\"color: #9c4a0e;\">\u2022<\/span> La mise en \u0153uvre du <span style=\"font-weight:bold\">Granulex\u00ae<\/span> peut s\u2019effectuer \u00e9galement \u00e0 la lame vibrante par couches de 0,30 m\u00e8tres d\u2019\u00e9paisseur moyenne<\/p>\n<p><span style=\"color: #9c4a0e;\">\u2022<\/span> Pour la mise en place par citerne \u00e0 vidange pneumatique, elle doit \u00eatre \u00e9quip\u00e9e d\u2019un compresseur assurant un d\u00e9bit de 1000 m<sup>3<\/sup>\/heure, d\u2019un vanne \u00e0 passage directe et d\u2019une sortie de diam\u00e8tre 100 mm.40 \u00e0 45 m3 seront ainsi mis en place en 2 \u00e0 3 h.<\/p>\n<p><span style=\"color: #9c4a0e;\">\u2022<\/span> La masse volumique du <span style=\"font-weight:bold\">Granulex\u00ae<\/span> en place apr\u00e8s compactage varie de 630 \u00e0 670 kg\/m<sup>3<\/sup> selon l\u2019hygrom\u00e9trie. Hors norme de par sa masse volumique et sa porosit\u00e9 interne, les remblais <span style=\"font-weight:bold\">Granulex\u00ae<\/span> peuvent \u00eatre class\u00e9s en <strong>cat\u00e9gorie D31 au regard de la norme NFP 11 300.<\/strong><\/p>\n<p><span style=\"color: #9c4a0e;\">\u2022<\/span> Il faut pr\u00e9voir un coefficient de r\u00e9duction du volume apr\u00e8s <strong>compactage de 0,88 environ<\/strong>.<\/p>\n<h2>Les essais<\/h2>\n<p class=\"marron\" style=\"font-weight:bold\"> Les essais de portance r\u00e9alis\u00e9s en laboratoire donnent les r\u00e9sultats suivants, exprim\u00e9s en rendement Dynaplaque : 31, 33, 37 %*<\/p>\n<p class=\"marron\" style=\"font-weight:bold\"> Les Les essais de plaques type LCPC r\u00e9alis\u00e9s sur remblai l\u00e9ger de GRANULEX<sup>\u00ae<\/sup> en place (Tr\u00e9mie RAMON \u00e0 Angers) et surmont\u00e9 d\u2019une couche de 0,40 m\u00e8tre de remblai argileux donnent les r\u00e9sultats suivants :<\/p>\n<p class=\"marron\" style=\"padding-left:40px;font-weight:bold\"> Module EV2 = 34,5 et 35 MPa*<\/p>\n<p class=\"marron\" style=\"padding-left:40px;font-weight:bold\"> EV2 \/ EV1 = 1,7 et 1,8*<\/p>\n<p class=\"legende\">* Rapport de contr\u00f4le de mise en \u0153uvre des remblais de la tr\u00e9mie Ramon LRPC  Angers 1988<\/p>\n","protected":false},"excerpt":{"rendered":"<p>Remblais all\u00e9g\u00e9s pour l\u2019industrie routi\u00e8re et les ouvrages sur sols compressibles ou \u00e0 faible portance \u2022 Lorsqu\u2019un ouvrage routier doit s\u2019\u00e9tablir sur un sol de portance faible (terrains compressibles, zones inondables) ou passer sur des ouvrages enterr\u00e9s de faibles r\u00e9sistances, &hellip; <a href=\"https:\/\/www.granulex.fr\/?page_id=125\">Continuer la lecture <span class=\"meta-nav\">&rarr;<\/span><\/a><\/p>\n","protected":false},"author":4,"featured_media":0,"parent":316,"menu_order":1,"comment_status":"closed","ping_status":"open","template":"page-tp.php","meta":{"footnotes":""},"class_list":["post-125","page","type-page","status-publish","hentry"],"_links":{"self":[{"href":"https:\/\/www.granulex.fr\/index.php?rest_route=\/wp\/v2\/pages\/125","targetHints":{"allow":["GET"]}}],"collection":[{"href":"https:\/\/www.granulex.fr\/index.php?rest_route=\/wp\/v2\/pages"}],"about":[{"href":"https:\/\/www.granulex.fr\/index.php?rest_route=\/wp\/v2\/types\/page"}],"author":[{"embeddable":true,"href":"https:\/\/www.granulex.fr\/index.php?rest_route=\/wp\/v2\/users\/4"}],"replies":[{"embeddable":true,"href":"https:\/\/www.granulex.fr\/index.php?rest_route=%2Fwp%2Fv2%2Fcomments&post=125"}],"version-history":[{"count":21,"href":"https:\/\/www.granulex.fr\/index.php?rest_route=\/wp\/v2\/pages\/125\/revisions"}],"predecessor-version":[{"id":860,"href":"https:\/\/www.granulex.fr\/index.php?rest_route=\/wp\/v2\/pages\/125\/revisions\/860"}],"up":[{"embeddable":true,"href":"https:\/\/www.granulex.fr\/index.php?rest_route=\/wp\/v2\/pages\/316"}],"wp:attachment":[{"href":"https:\/\/www.granulex.fr\/index.php?rest_route=%2Fwp%2Fv2%2Fmedia&parent=125"}],"curies":[{"name":"wp","href":"https:\/\/api.w.org\/{rel}","templated":true}]}}