{"id":123,"date":"2012-01-26T15:47:16","date_gmt":"2012-01-26T14:47:16","guid":{"rendered":"http:\/\/www.granulex.fr\/?page_id=123"},"modified":"2012-05-31T16:34:15","modified_gmt":"2012-05-31T14:34:15","slug":"lit-bacterien","status":"publish","type":"page","link":"https:\/\/www.granulex.fr\/?page_id=123","title":{"rendered":"Lit bact\u00e9rien"},"content":{"rendered":"<div class=\"left_bloc\">\n<h2>Granulats pour lit bact\u00e9rien<\/h2>\n<p><span style=\"color: #9c4a0e;\">\u2022<\/span> L\u2019utilisation des ardoises expans\u00e9s pour la phyto\u00e9puration est un proc\u00e9d\u00e9 fortement utilis\u00e9 outre-atlantique. En effet, la forte surface sp\u00e9cifique du <span style=\"font-weight:bold\">Granulex\u00ae<\/span> lui permet d\u2019augmenter significativement le temps de percolation.<\/p>\n<p><span style=\"color: #9c4a0e;\">\u2022<\/span> Le volume poreux, deux fois sup\u00e9rieur aux pouzzolanes utilis\u00e9es traditionnellement comme support min\u00e9ral lui permet de fixer plus efficacement la masse active des micro-organismes et donc d\u2019augmenter sensiblement le rendement de filtration.<\/p>\n<p><span style=\"color: #9c4a0e;\">\u2022<\/span> De nombreuses stations d\u2019\u00e9purations par macrophytes sont en fonctionnement depuis dizaines d\u2019ann\u00e9es avec comme m\u00e9dia filtrant du sable de <span style=\"font-weight:bold\">Granulex\u00ae<\/span>.<\/p>\n<p><span style=\"color: #9c4a0e;\">\u2022<\/span> Les performances m\u00e9caniques sont \u00e9galement un atout pour l\u2019utilisation des sables de <span style=\"font-weight:bold\">Granulex\u00ae<\/span> dans un lagunage ou un filtre plant\u00e9. De surcro\u00eet, sa structure vitrifi\u00e9e et son absence de CaO assure une dur\u00e9e illimit\u00e9e de votre filtre.<\/p>\n<p><span style=\"color: #9c4a0e;\">\u2022<\/span> Disponibles dans toutes les granulom\u00e9tries courantes, le <span style=\"font-weight:bold\">Granulex\u00ae<\/span> s\u2019adaptera a vos besoins de filtration en optimisant vos process, tant dans leur rendement que dans la fiabilit\u00e9 de ceux-ci.<\/p>\n<p><span style=\"color: #9c4a0e;\">\u2022<\/span> Les granulats pour m\u00e9dia filtrant sont livrables conditionn\u00e9s en big bag de 1.5 m3, en camion benne vrac (23 \/ 25 m3).\n<\/div>\n<div class=\"right_bloc\">\n<img loading=\"lazy\" decoding=\"async\" src=\"http:\/\/www.granulex.fr\/wp-content\/uploads\/2012\/01\/Sans-titre-61.png\" alt=\"graphique performances m\u00e9caniques granulex\" title=\"graphique performances m\u00e9caniques granulex\" width=\"250\" height=\"493\" class=\"aligncenter size-full wp-image-495\" srcset=\"https:\/\/www.granulex.fr\/wp-content\/uploads\/2012\/01\/Sans-titre-61.png 250w, https:\/\/www.granulex.fr\/wp-content\/uploads\/2012\/01\/Sans-titre-61-152x300.png 152w\" sizes=\"auto, (max-width: 250px) 100vw, 250px\" \/>\n<\/div>\n<div style=\"clear:both\">\n<table>\n<tbody>\n<tr class=\"gris\">\n<td width=\"133\" height=\"42\"><strong>Fuseau granulom\u00e9trique<\/strong><\/td>\n<td width=\"80\">0 &#8211; 4<\/td>\n<td width=\"80\">1 &#8211; 4<\/td>\n<td width=\"80\">2 &#8211; 4<\/td>\n<td width=\"80\">2,5 &#8211; 5<\/td>\n<\/tr>\n<tr>\n<td width=\"133\" height=\"21\"><strong>Taille effective<\/strong><\/td>\n<td width=\"80\">1.10 mm<\/td>\n<td width=\"80\">1.4 mm<\/td>\n<td width=\"80\">2 mm<\/td>\n<td width=\"80\">2,70 mm<\/td>\n<\/tr>\n<tr class=\"gris\">\n<td width=\"133\" height=\"45\"><strong>Taille moyenne<\/strong><\/td>\n<td width=\"80\">2.50 mm<\/td>\n<td width=\"80\">2.8 mm<\/td>\n<td width=\"80\">3 mm<\/td>\n<td width=\"80\">3,75 mm<\/td>\n<\/tr>\n<tr>\n<td width=\"133\" height=\"42\"><strong>Coefficient d\u2019uniformit\u00e9<\/strong><\/td>\n<td width=\"80\">&lt; 5<\/td>\n<td width=\"80\">&lt; 3<\/td>\n<td width=\"80\">&lt; 2<\/td>\n<td width=\"80\">&lt; 1,5<\/td>\n<\/tr>\n<tr class=\"gris\">\n<td width=\"133\" height=\"21\"><strong>Poussi\u00e8res<\/strong><\/td>\n<td width=\"80\">Max 1 %<\/td>\n<td width=\"80\">Max 1 %<\/td>\n<td width=\"80\">Max 1 %<\/td>\n<td width=\"80\">Max 1 %<\/td>\n<\/tr>\n<tr>\n<td width=\"133\" height=\"42\"><strong>Inf\u00e9rieurs \u00e0 0,25 mm<\/strong><\/td>\n<td width=\"80\">Max 3 %<\/td>\n<td width=\"80\">Max 5 %<\/td>\n<td width=\"80\">Max 10 %<\/td>\n<td width=\"80\">Max 3 %<\/td>\n<\/tr>\n<tr class=\"gris\">\n<td width=\"133\" height=\"42\"><strong>Sup\u00e9rieurs \u00e0 4 mm<\/strong><\/td>\n<td width=\"80\">Max 10 %<\/td>\n<td width=\"80\">Max 10 %<\/td>\n<td width=\"80\">Max 10 %<\/td>\n<td width=\"80\">Max 7 %<\/td>\n<\/tr>\n<tr>\n<td width=\"133\" height=\"42\"><strong>Densit\u00e9 apparente sur sec<\/strong><\/td>\n<td width=\"80\">930 kg \/ m3<\/td>\n<td width=\"80\">950 kg \/ m3<\/td>\n<td width=\"80\">910 kg\/m3<\/td>\n<td width=\"80\">875 kg\/m<span><sup>3<\/sup><\/span><\/td>\n<\/tr>\n<tr class=\"gris\">\n<td width=\"133\" height=\"45\"><strong>Densit\u00e9 r\u00e9elle sur sec<\/strong><\/td>\n<td width=\"80\">1.810 kg\/m3<\/td>\n<td width=\"80\">1700 kg \/ m3<\/td>\n<td width=\"80\">1700 kg . m3<\/td>\n<td width=\"80\">1.600 kg\/m<span><sup>3<\/sup><\/span><\/td>\n<\/tr>\n<tr>\n<td width=\"133\" height=\"42\"><strong>Absorption d\u2019eau \u00e0 24 h<\/strong><\/td>\n<td align=\"right\" width=\"80\">10%<\/td>\n<td align=\"right\" width=\"80\">9%<\/td>\n<td align=\"right\" width=\"80\">9<\/td>\n<td align=\"right\" width=\"80\">5%<\/td>\n<\/tr>\n<tr class=\"gris\">\n<td width=\"133\" height=\"21\"><strong>Flottants \u00e0 1<\/strong><\/td>\n<td width=\"80\">&lt; 1 %<\/td>\n<td width=\"80\">&lt; 1 %<\/td>\n<td width=\"80\">&lt; 1 %<\/td>\n<td width=\"80\">&lt; 1 %<\/td>\n<\/tr>\n<tr>\n<td width=\"133\" height=\"21\"><strong>Solubilit\u00e9 \u00e0 pH 1<\/strong><\/td>\n<td width=\"80\">0.15 %<\/td>\n<td width=\"80\"><\/td>\n<td width=\"80\"><\/td>\n<td width=\"80\"><\/td>\n<\/tr>\n<tr class=\"gris\">\n<td width=\"133\" height=\"21\"><strong>Solubilit\u00e9 \u00e0 pH 7<\/strong><\/td>\n<td width=\"80\">0.08 %<\/td>\n<td width=\"80\"><\/td>\n<td width=\"80\"><\/td>\n<td width=\"80\"><\/td>\n<\/tr>\n<tr>\n<td width=\"133\" height=\"21\"><strong>Solubilit\u00e9 \u00e0 pH 13<\/strong><\/td>\n<td width=\"80\">0.07 %<\/td>\n<td width=\"80\"><\/td>\n<td width=\"80\"><\/td>\n<td width=\"80\"><\/td>\n<\/tr>\n<tr class=\"gris\">\n<td width=\"133\" height=\"42\"><strong>R\u00e9sistance m\u00e9canique<\/strong><\/td>\n<td width=\"80\">18 Mpa<\/td>\n<td width=\"80\">18 Mpa<\/td>\n<td width=\"80\">16 Mpa<\/td>\n<td width=\"80\">16 Mpa<\/td>\n<\/tr>\n<tr>\n<td width=\"133\" height=\"42\"><strong>Porosit\u00e9 inter granulaire<\/strong><\/td>\n<td align=\"right\" width=\"80\">41%<\/td>\n<td align=\"right\" width=\"80\">44%<\/td>\n<td align=\"right\" width=\"80\">43%<\/td>\n<td align=\"right\" width=\"80\">46%<\/td>\n<\/tr>\n<tr class=\"gris\">\n<td width=\"133\" height=\"42\"><strong>Percolation non tass\u00e9<\/strong><\/td>\n<td width=\"80\">12\u2019\u2019<\/td>\n<td width=\"80\"><\/td>\n<td width=\"80\"><\/td>\n<td width=\"80\"><\/td>\n<\/tr>\n<tr>\n<td width=\"133\" height=\"21\"><strong>Percolation tass\u00e9<\/strong><\/td>\n<td width=\"80\">21\u2019\u2019<\/td>\n<td width=\"80\"><\/td>\n<td width=\"80\"><\/td>\n<td width=\"80\"><\/td>\n<\/tr>\n<\/tbody>\n<\/table>\n<p><img loading=\"lazy\" decoding=\"async\" src=\"http:\/\/www.granulex.fr\/wp-content\/uploads\/2012\/01\/filtre-de-roseaux.png\" alt=\"filtre de roseaux\" title=\"filtre de roseaux\" width=\"760\" height=\"251\" class=\"aligncenter size-full wp-image-504\" srcset=\"https:\/\/www.granulex.fr\/wp-content\/uploads\/2012\/01\/filtre-de-roseaux.png 760w, https:\/\/www.granulex.fr\/wp-content\/uploads\/2012\/01\/filtre-de-roseaux-300x99.png 300w, https:\/\/www.granulex.fr\/wp-content\/uploads\/2012\/01\/filtre-de-roseaux-500x165.png 500w\" sizes=\"auto, (max-width: 760px) 100vw, 760px\" \/><\/p>\n<p class=\"legende\">Filtres \u00e0 roseaux<\/p>\n<\/div>\n","protected":false},"excerpt":{"rendered":"<p>Granulats pour lit bact\u00e9rien \u2022 L\u2019utilisation des ardoises expans\u00e9s pour la phyto\u00e9puration est un proc\u00e9d\u00e9 fortement utilis\u00e9 outre-atlantique. En effet, la forte surface sp\u00e9cifique du Granulex\u00ae lui permet d\u2019augmenter significativement le temps de percolation. \u2022 Le volume poreux, deux fois &hellip; <a href=\"https:\/\/www.granulex.fr\/?page_id=123\">Continuer la lecture <span class=\"meta-nav\">&rarr;<\/span><\/a><\/p>\n","protected":false},"author":4,"featured_media":0,"parent":327,"menu_order":1,"comment_status":"closed","ping_status":"closed","template":"page-eau.php","meta":{"footnotes":""},"class_list":["post-123","page","type-page","status-publish","hentry"],"_links":{"self":[{"href":"https:\/\/www.granulex.fr\/index.php?rest_route=\/wp\/v2\/pages\/123","targetHints":{"allow":["GET"]}}],"collection":[{"href":"https:\/\/www.granulex.fr\/index.php?rest_route=\/wp\/v2\/pages"}],"about":[{"href":"https:\/\/www.granulex.fr\/index.php?rest_route=\/wp\/v2\/types\/page"}],"author":[{"embeddable":true,"href":"https:\/\/www.granulex.fr\/index.php?rest_route=\/wp\/v2\/users\/4"}],"replies":[{"embeddable":true,"href":"https:\/\/www.granulex.fr\/index.php?rest_route=%2Fwp%2Fv2%2Fcomments&post=123"}],"version-history":[{"count":27,"href":"https:\/\/www.granulex.fr\/index.php?rest_route=\/wp\/v2\/pages\/123\/revisions"}],"predecessor-version":[{"id":867,"href":"https:\/\/www.granulex.fr\/index.php?rest_route=\/wp\/v2\/pages\/123\/revisions\/867"}],"up":[{"embeddable":true,"href":"https:\/\/www.granulex.fr\/index.php?rest_route=\/wp\/v2\/pages\/327"}],"wp:attachment":[{"href":"https:\/\/www.granulex.fr\/index.php?rest_route=%2Fwp%2Fv2%2Fmedia&parent=123"}],"curies":[{"name":"wp","href":"https:\/\/api.w.org\/{rel}","templated":true}]}}