{"id":119,"date":"2012-01-26T15:46:49","date_gmt":"2012-01-26T14:46:49","guid":{"rendered":"http:\/\/www.granulex.fr\/?page_id=119"},"modified":"2012-05-31T16:42:42","modified_gmt":"2012-05-31T14:42:42","slug":"filtration-air","status":"publish","type":"page","link":"https:\/\/www.granulex.fr\/?page_id=119","title":{"rendered":"Traitement de l\u2019air vici\u00e9"},"content":{"rendered":"<div class=\"left_bloc\">\n<h2>Granulats pour filtration air<\/h2>\n<p>\t<span style=\"color: #9c4a0e;\">\u2022<\/span> Si les installations de biofiltre purificateur d&rsquo;air utilisent g\u00e9n\u00e9ralement un garnissage organique, l\u2019utilisation de m\u00e9dia min\u00e9raux tend \u00e0 se d\u00e9velopper compte tenu de leur durabilit\u00e9 et des cons\u00e9quences bien compr\u00e9hensibles sur l\u2019entretien de l\u2019installation.<\/p>\n<p>\t<span style=\"color: #9c4a0e;\">\u2022<\/span> Majoritairement utilis\u00e9s pour la suppression des odeurs par r\u00e9duction des H2S, le <span style=\"font-weight:bold\">Granulex\u00ae<\/span> est disponible dans plusieurs granulom\u00e9tries adapt\u00e9es aux besoins des industriels de la filtration.<\/p>\n<p>\t<span style=\"color: #9c4a0e;\">\u2022<\/span> Structure vitrifi\u00e9e r\u00e9sistante aux attaques acides et basiques, l\u2019ardoise expans\u00e9e ne s\u2019alt\u00e8re pas quelque soit la nature des produits filtr\u00e9s. Cette r\u00e9sistance assure des co\u00fbts d\u2019entretien extr\u00eamement bas pour vos solutions de filtration.<\/p>\n<p>\t<span style=\"color: #9c4a0e;\">\u2022<\/span> Les granulats pour m\u00e9dia filtrant GranuFiltre sont livrables conditionn\u00e9s en big bag de 1,5 m3, en camion benne vrac (40\/42 m3) et en camion citerne \u00e0 vidange pneumatique (25 m3). La livraison par camion citerne \u00e0 vidange pneumatique permet une mise en place rapide du m\u00e9dia filtrant mais d\u00e9t\u00e9riore les crit\u00e8res d\u2019hydraulicit\u00e9. Le CU augmente de 0,15 et le D10 diminue de 3 \u00e0 7 % selon la longueur et le parcours des tuyaux de vidange qui d\u00e9terminent la pression d\u2019air de transport habituellement comprise entre 0,7 et 2 bars.<\/p>\n<p class=\"legende\">Ce granulat ne contient pas de substances class\u00e9es dans SVHC.<\/p>\n<\/div>\n<div class=\"right_bloc\">\n<img loading=\"lazy\" decoding=\"async\" src=\"http:\/\/www.granulex.fr\/wp-content\/uploads\/2012\/01\/structure_microporeuse2.png\" alt=\"structure microporeuse du granulex\" title=\"structure microporeuse du granulex\" width=\"250\" height=\"250\" class=\"aligncenter size-full wp-image-525\" srcset=\"https:\/\/www.granulex.fr\/wp-content\/uploads\/2012\/01\/structure_microporeuse2.png 250w, https:\/\/www.granulex.fr\/wp-content\/uploads\/2012\/01\/structure_microporeuse2-150x150.png 150w\" sizes=\"auto, (max-width: 250px) 100vw, 250px\" \/><\/p>\n<p class=\"legende\" style=\"text-align:center\">Structure microporeuse<\/p>\n<\/div>\n<div style=\"clear:both\">\n<table class=\"agregats\">\n<tbody>\n<tr class=\"gris\">\n<td width=\"133\" height=\"42\" class=\"left\" ><strong>Fuseau granulom\u00e9trique<\/strong><\/td>\n<td width=\"80\">4 &#8211; 10<\/td>\n<td width=\"80\">8 &#8211; 20<\/td>\n<td width=\"80\">9 &#8211; 14<\/td>\n<\/tr>\n<tr>\n<td width=\"133\" height=\"42\" class=\"left\"><strong>Taille effective<\/strong><\/td>\n<td width=\"80\">4,80 mm<\/td>\n<td width=\"80\">9,50 mm<\/td>\n<td width=\"80\">6,50 mm<\/td>\n<\/tr>\n<tr class=\"gris\">\n<td width=\"133\" height=\"42\" class=\"left\"><strong>Taille moyenne<\/strong><\/td>\n<td width=\"80\">7,00 mm<\/td>\n<td width=\"80\">14,00 mm<\/td>\n<td width=\"80\">10,00mm<\/td>\n<\/tr>\n<tr>\n<td width=\"133\" height=\"42\" class=\"left\"><strong>Coefficient d\u2019uniformit\u00e9<\/strong><\/td>\n<td width=\"80\">&lt; 5<\/td>\n<td width=\"80\">&lt; 5<\/td>\n<td width=\"80\">&lt; 5<\/td>\n<\/tr>\n<tr class=\"gris\">\n<td width=\"133\" height=\"42\" class=\"left\"><strong>Coefficient d\u2019uniformit\u00e9<\/strong><\/td>\n<td width=\"80\">&lt; 1,9<\/td>\n<td width=\"80\">&lt; 2,3<\/td>\n<td width=\"80\">&lt; 1,8<\/td>\n<\/tr>\n<tr>\n<td width=\"133\" height=\"42\" class=\"left\"><strong>Poussi\u00e8res<\/strong><\/td>\n<td width=\"80\">Max 1 %<\/td>\n<td width=\"80\">Max 1 %<\/td>\n<td width=\"80\">Max 3 %<\/td>\n<\/tr>\n<tr class=\"gris\">\n<td width=\"133\" height=\"42\" class=\"left\"><strong>Inf\u00e9rieurs \u00e0 0,25 mm<\/strong><\/td>\n<td width=\"80\">Max 3 %<\/td>\n<td width=\"80\">Max 3 %<\/td>\n<td width=\"80\">Max 8 %<\/td>\n<\/tr>\n<tr>\n<td width=\"133\" height=\"42\" class=\"left\"><strong>Sup\u00e9rieurs \u00e0 4 mm<\/strong><\/td>\n<td width=\"80\">Max 10 %<\/td>\n<td width=\"80\">Max 10 %<\/td>\n<td width=\"80\">Max 10 %<\/td>\n<\/tr>\n<tr class=\"gris\">\n<td width=\"133\" height=\"42\" class=\"left\"><strong>Densit\u00e9 apparente sur sec (kg \/ m3)<\/strong><\/td>\n<td width=\"80\">730 <\/td>\n<td width=\"80\">630 <\/td>\n<td width=\"80\">530 <\/td>\n<\/tr>\n<tr>\n<td width=\"133\" height=\"42\" class=\"left\"><strong>Densit\u00e9 r\u00e9elle sur sec (kg \/ m3)<\/strong><\/td>\n<td width=\"80\">1.350<\/td>\n<td width=\"80\">1.220<\/td>\n<td width=\"80\">1.050<\/td>\n<\/tr>\n<tr class=\"gris\">\n<td width=\"133\" height=\"42\" class=\"left\"><strong>Absorption d\u2019eau \u00e0 24 h<\/strong><\/td>\n<td width=\"80\">5%<\/td>\n<td width=\"80\">5%<\/td>\n<td width=\"80\">9%<\/td>\n<\/tr>\n<tr>\n<td width=\"133\" height=\"42\" class=\"left\"><strong>Flottants \u00e0 1<\/strong><\/td>\n<td width=\"80\">&lt; 8 %<\/td>\n<td width=\"80\">&lt; 65 %<\/td>\n<td width=\"80\">&lt; 80 %<\/td>\n<\/tr>\n<tr class=\"gris\">\n<td width=\"133\" height=\"42\" class=\"left\"><strong>Solubilit\u00e9 \u00e0 pH 1<\/strong><\/td>\n<td width=\"80\" colspan=\"3\">0.15%<\/td>\n<\/tr>\n<tr>\n<td width=\"133\" height=\"42\" class=\"left\"><strong>Solubilit\u00e9 \u00e0 pH 7<\/strong><\/td>\n<td width=\"80\" colspan=\"3\">0.08%<\/td>\n<\/tr>\n<tr class=\"gris\">\n<td width=\"133\" height=\"42\" class=\"left\"><strong>Solubilit\u00e9 \u00e0 pH 13<\/strong><\/td>\n<td width=\"80\" colspan=\"3\">0.07%<\/td>\n<\/tr>\n<tr>\n<td width=\"133\" height=\"42\" class=\"left\"><strong>R\u00e9sistance m\u00e9canique<\/strong><\/td>\n<td width=\"80\">10 Mpa<\/td>\n<td width=\"80\">7 Mpa<\/td>\n<td width=\"80\">6.5 Mpa<\/td>\n<\/tr>\n<tr class=\"gris\">\n<td width=\"133\" height=\"42\" class=\"left\"><strong>Porosit\u00e9 inter granulaire<\/strong><\/td>\n<td width=\"80\">46%<\/td>\n<td width=\"80\">52%<\/td>\n<td width=\"80\">46%<\/td>\n<\/tr>\n<\/tbody>\n<\/table>\n<\/div>\n","protected":false},"excerpt":{"rendered":"<p>Granulats pour filtration air \u2022 Si les installations de biofiltre purificateur d&rsquo;air utilisent g\u00e9n\u00e9ralement un garnissage organique, l\u2019utilisation de m\u00e9dia min\u00e9raux tend \u00e0 se d\u00e9velopper compte tenu de leur durabilit\u00e9 et des cons\u00e9quences bien compr\u00e9hensibles sur l\u2019entretien de l\u2019installation. \u2022 &hellip; <a href=\"https:\/\/www.granulex.fr\/?page_id=119\">Continuer la lecture <span class=\"meta-nav\">&rarr;<\/span><\/a><\/p>\n","protected":false},"author":4,"featured_media":0,"parent":327,"menu_order":3,"comment_status":"closed","ping_status":"closed","template":"page-eau.php","meta":{"footnotes":""},"class_list":["post-119","page","type-page","status-publish","hentry"],"_links":{"self":[{"href":"https:\/\/www.granulex.fr\/index.php?rest_route=\/wp\/v2\/pages\/119","targetHints":{"allow":["GET"]}}],"collection":[{"href":"https:\/\/www.granulex.fr\/index.php?rest_route=\/wp\/v2\/pages"}],"about":[{"href":"https:\/\/www.granulex.fr\/index.php?rest_route=\/wp\/v2\/types\/page"}],"author":[{"embeddable":true,"href":"https:\/\/www.granulex.fr\/index.php?rest_route=\/wp\/v2\/users\/4"}],"replies":[{"embeddable":true,"href":"https:\/\/www.granulex.fr\/index.php?rest_route=%2Fwp%2Fv2%2Fcomments&post=119"}],"version-history":[{"count":25,"href":"https:\/\/www.granulex.fr\/index.php?rest_route=\/wp\/v2\/pages\/119\/revisions"}],"predecessor-version":[{"id":874,"href":"https:\/\/www.granulex.fr\/index.php?rest_route=\/wp\/v2\/pages\/119\/revisions\/874"}],"up":[{"embeddable":true,"href":"https:\/\/www.granulex.fr\/index.php?rest_route=\/wp\/v2\/pages\/327"}],"wp:attachment":[{"href":"https:\/\/www.granulex.fr\/index.php?rest_route=%2Fwp%2Fv2%2Fmedia&parent=119"}],"curies":[{"name":"wp","href":"https:\/\/api.w.org\/{rel}","templated":true}]}}