{"id":117,"date":"2012-01-26T15:46:38","date_gmt":"2012-01-26T14:46:38","guid":{"rendered":"http:\/\/www.granulex.fr\/?page_id=117"},"modified":"2012-05-31T16:31:33","modified_gmt":"2012-05-31T14:31:33","slug":"ecosol","status":"publish","type":"page","link":"https:\/\/www.granulex.fr\/?page_id=117","title":{"rendered":"\u00c9cosol"},"content":{"rendered":"<div class=\"left_bloc\">\n<h2>Ecosol : un compl\u00e9ment dans la gamme des isolants \u00e9cologiques.<\/h2>\n<p><span style=\"color: #9c4a0e;\">\u2022<\/span> El\u00e9ment cl\u00e9 de la construction \u00e9cologique et responsable, l\u2019isolant est \u00e9galement le produit le plus polluant et le moins recyclable constituant nos habitations modernes.<\/p>\n<p><span style=\"color: #9c4a0e;\">\u2022<\/span> Heureusement, de nombreuses solutions \u00e9co-responsables viennent remplacer les isolants traditionnels.<\/p>\n<p><span style=\"color: #9c4a0e;\">\u2022<\/span> Granulat isolant totalement min\u00e9ral, <span style=\"font-weight:bold\">Granulex\u00ae<\/span> apporte une solution d\u00e9di\u00e9e \u00e0 l\u2019isolation des sols. Il apporte ainsi un compl\u00e9ment indispensable \u00e0 la gamme des isolants \u00e9cologiques permettant une isolation fiable ne craignant pas l\u2019humidit\u00e9.<\/p>\n<h2>Une solution alliant \u00e9cologie et \u00e9conomie<\/h2>\n<p><span style=\"color: #9c4a0e;\">\u2022<\/span> Utiliser Eco Sol pour une isolation sous dalle de sol ne r\u00e9pond pas seulement \u00e0 un imp\u00e9ratif \u00e9cologique. Mais permet \u00e9galement de r\u00e9aliser une \u00e9conomie substantielle sur le budget construction.<\/p>\n<p><span style=\"color: #9c4a0e;\">\u2022<\/span> En effet, remplir le vide sanitaire d\u2019une construction permet non seulement d\u2019assurer une isolation saine, \u00e9cologique et sans ponts thermiques. Ecosol sert directement de support pour votre plancher b\u00e9ton ! <\/p>\n<p><span style=\"color: #9c4a0e;\">\u2022<\/span> L\u2019\u00e9conomie de fourniture et de pose du plancher poutrelle + hourdis compense ainsi l\u2019investissement de l\u2019Isoschiste.<\/p>\n<h2>Qu\u2019est ce qu\u2019un H\u00e9risson ?<\/h2>\n<p><span style=\"color: #9c4a0e;\">\u2022<\/span> La technique du h\u00e9risson consiste \u00e0 cr\u00e9er un fond de forme drainant et respirant destin\u00e9 \u00e0 recevoir la dalle de compression au rez-de-chauss\u00e9e d\u2019un ouvrage.<\/p>\n<p><span style=\"color: #9c4a0e;\">\u2022<\/span> Jadis r\u00e9alis\u00e9e en granulat standard, cette pratique n\u2019apportait aucune performance thermique.<\/p>\n<p><span style=\"color: #9c4a0e;\">\u2022<\/span> Aujourd\u2019hui, gr\u00e2ce aux granulats isolants, elle est de plus en plus utilis\u00e9 par les constructeurs soucieux  d\u2019utiliser des techniques d\u2019isolations \u00e9cologiques et recyclables.<\/p>\n<h2> Une solution pour la r\u00e9novation lourde.<\/h2>\n<p><span style=\"color: #9c4a0e;\">\u2022<\/span> Dans le cas des remplacements des planchers bois au rez-de-chauss\u00e9e Isoschiste apporte une solution d\u2019isolation rapide et fiable : il permet d\u2019ex\u00e9cuter un fond de forme propre au coulage d\u2019une dalle b\u00e9ton en un temps record et sans pr\u00e9paration particuli\u00e8re\u2026avec l\u2019isolation en plus, naturellement !<\/p>\n<table class=\"chaux\">\n<tbody>\n<tr class=\"gris\">\n<td colspan=\"5\" class=\"titre\">Performances d&rsquo;isolation d&rsquo;un fond de forme Isoschiste<\/td>\n<\/tr>\n<tr>\n<td colspan=\"5\" style=\"text-align:center\">Lambda du mat\u00e9riau = 0,12<\/td>\n<\/tr>\n<tr class=\"gris\">\n<td>Epaisseur 30 cm<\/td>\n<td>R = 2,5<\/td>\n<td>RT 2005<\/td>\n<\/tr>\n<tr class=\"gris\">\n<td>Epaisseur 40 cm<\/td>\n<td>R = 3,33<\/td>\n<td>RT 2012<\/td>\n<\/tr>\n<tr class=\"gris\">\n<td>Epaisseur 50 cm<\/td>\n<td>R = 4,17<\/td>\n<td>RT 2020<\/td>\n<\/tr>\n<\/tbody>\n<\/table>\n<p><span style=\"color: #9c4a0e;\">\u2022<\/span> Ecosol est recyclable \u00e0 l\u2019infini. Il ne s\u2019use pas et ne se modifie pas dans le temps. Il peut \u00eatre utilis\u00e9 comme isolant ou comme granulat apr\u00e8s la destruction du b\u00e2timent.<\/p>\n<\/div>\n<div class=\"right_bloc\">\n<img loading=\"lazy\" decoding=\"async\" src=\"http:\/\/www.granulex.fr\/wp-content\/uploads\/2012\/01\/DSC01590.jpg\" alt=\"\u00e9cosol granulex\" title=\"\u00e9cosol granulex\" width=\"360\" height=\"203\" class=\"aligncenter size-full wp-image-650\" srcset=\"https:\/\/www.granulex.fr\/wp-content\/uploads\/2012\/01\/DSC01590.jpg 360w, https:\/\/www.granulex.fr\/wp-content\/uploads\/2012\/01\/DSC01590-300x169.jpg 300w\" sizes=\"auto, (max-width: 360px) 100vw, 360px\" \/><br \/>\n<img loading=\"lazy\" decoding=\"async\" src=\"http:\/\/www.granulex.fr\/wp-content\/uploads\/2012\/01\/ecosol-schema.png\" alt=\"sch\u00e9ma de l'\u00e9cosol\" title=\"sch\u00e9ma de l'\u00e9cosol\" width=\"360\" height=\"293\" class=\"aligncenter size-full wp-image-703\" srcset=\"https:\/\/www.granulex.fr\/wp-content\/uploads\/2012\/01\/ecosol-schema.png 360w, https:\/\/www.granulex.fr\/wp-content\/uploads\/2012\/01\/ecosol-schema-300x244.png 300w\" sizes=\"auto, (max-width: 360px) 100vw, 360px\" \/>\n<\/div>\n","protected":false},"excerpt":{"rendered":"<p>Ecosol : un compl\u00e9ment dans la gamme des isolants \u00e9cologiques. \u2022 El\u00e9ment cl\u00e9 de la construction \u00e9cologique et responsable, l\u2019isolant est \u00e9galement le produit le plus polluant et le moins recyclable constituant nos habitations modernes. \u2022 Heureusement, de nombreuses solutions &hellip; <a href=\"https:\/\/www.granulex.fr\/?page_id=117\">Continuer la lecture <span class=\"meta-nav\">&rarr;<\/span><\/a><\/p>\n","protected":false},"author":4,"featured_media":0,"parent":322,"menu_order":3,"comment_status":"closed","ping_status":"open","template":"page-macon.php","meta":{"footnotes":""},"class_list":["post-117","page","type-page","status-publish","hentry"],"_links":{"self":[{"href":"https:\/\/www.granulex.fr\/index.php?rest_route=\/wp\/v2\/pages\/117","targetHints":{"allow":["GET"]}}],"collection":[{"href":"https:\/\/www.granulex.fr\/index.php?rest_route=\/wp\/v2\/pages"}],"about":[{"href":"https:\/\/www.granulex.fr\/index.php?rest_route=\/wp\/v2\/types\/page"}],"author":[{"embeddable":true,"href":"https:\/\/www.granulex.fr\/index.php?rest_route=\/wp\/v2\/users\/4"}],"replies":[{"embeddable":true,"href":"https:\/\/www.granulex.fr\/index.php?rest_route=%2Fwp%2Fv2%2Fcomments&post=117"}],"version-history":[{"count":13,"href":"https:\/\/www.granulex.fr\/index.php?rest_route=\/wp\/v2\/pages\/117\/revisions"}],"predecessor-version":[{"id":864,"href":"https:\/\/www.granulex.fr\/index.php?rest_route=\/wp\/v2\/pages\/117\/revisions\/864"}],"up":[{"embeddable":true,"href":"https:\/\/www.granulex.fr\/index.php?rest_route=\/wp\/v2\/pages\/322"}],"wp:attachment":[{"href":"https:\/\/www.granulex.fr\/index.php?rest_route=%2Fwp%2Fv2%2Fmedia&parent=117"}],"curies":[{"name":"wp","href":"https:\/\/api.w.org\/{rel}","templated":true}]}}