{"id":113,"date":"2012-01-26T15:46:08","date_gmt":"2012-01-26T14:46:08","guid":{"rendered":"http:\/\/www.granulex.fr\/?page_id=113"},"modified":"2012-05-31T16:30:43","modified_gmt":"2012-05-31T14:30:43","slug":"chaux-schiste","status":"publish","type":"page","link":"https:\/\/www.granulex.fr\/?page_id=113","title":{"rendered":"Dalle chaux schiste"},"content":{"rendered":"<div class=\"left_bloc\">\n<h2>Les propri\u00e9t\u00e9s<\/h2>\n<p><span style=\"color: #9c4a0e;\">\u2022<\/span> Les propri\u00e9t\u00e9s isolantes des granulats de schistes expans\u00e9s <span style=\"font-weight:bold\">Granulex\u00ae<\/span> (\u03bb=0,12) &#8211; associ\u00e9es \u00e0 la fonction r\u00e9gulatrice eau\/CO2 de la chaux r\u00e9alisent des b\u00e9tons l\u00e9gers, isolants et respirant qui offrent des caract\u00e9ristiques m\u00e9caniques tr\u00e8s sup\u00e9rieures aux b\u00e9tons r\u00e9alis\u00e9s avec des granulats d\u2019origine organique (bois, chanvre, etc..), par nature hydrophile.<\/p>\n<p><span style=\"color: #9c4a0e;\">\u2022<\/span> El\u00e9ment typique de D\u00e9veloppement Durable la chaux est le plus ancien liant hydraulique employ\u00e9 par l\u2019homme. Les granulats d\u2019ardoise expans\u00e9e y participent \u00e9galement car pour r\u00e9aliser 1 M3 de b\u00e9ton, seulement 600 kg d\u2019ardoise sont pr\u00e9lev\u00e9s sur la ressource naturelle alors qu\u2019il faut pr\u00e9lever 1.800 kg de granulats ordinaires pour un b\u00e9ton traditionnel. Pour une chape de 100 m2 en \u00e9paisseur 15 cm, l\u2019\u00e9conomie de pr\u00e9l\u00e8vement, de transformation et de transport est de 18000 kg.<\/p>\n<table class=\"chaux\">\n<tbody>\n<tr class=\"gris\">\n<td colspan=\"5\" class=\"titre\">Formule indicative Isolation (Chape au sol)<\/td>\n<\/tr>\n<tr>\n<td>Lambda 0,4 \u00e0 0,5<\/td>\n<td>Chaux NHL5<\/td>\n<td>Eau<\/td>\n<td>Sable ordinaire<\/td>\n<td><span style=\"font-weight:bold\">Granulex\u00ae<\/span> 1220<\/td>\n<\/tr>\n<tr class=\"gris\">\n<td>Pour 1 M3<\/td>\n<td>400 kg<\/td>\n<td>180 l<\/td>\n<td>400 kg<\/td>\n<td>505 kg<\/td>\n<\/tr>\n<tr>\n<td>Au seau de 10 L<\/td>\n<td>1 sac de 35 kg<\/td>\n<td>1 +  \u00bd<\/td>\n<td>1+  \u00bd<\/td>\n<td>8 +  \u00bd<\/td>\n<\/tr>\n<\/tbody>\n<\/table>\n<p><span style=\"color: #9c4a0e;\">\u2022<\/span> Les chapes peuvent \u00eatre arm\u00e9es avec un treillis soud\u00e9 ou des fibres. L\u2019\u00e9paisseur de dalle est g\u00e9n\u00e9ralement comprise entre 10 et 15 cm. Dans le cas de chape d\u2019\u00e9paisseur sup\u00e9rieure \u00e0 15 cm, elle devra \u00eatre r\u00e9alis\u00e9e en plusieurs coulages de 10 cm maximum en attendant au moins 2 jours et au plus 7 jours entre 2 coulages. Le b\u00e9ton est mis en place \u00e0 la r\u00e8gle. Des joints transversaux de largeur comprise entre 3 et 5 mm et de profondeur au moins \u00e9gale au \u00bc de l\u2019\u00e9paisseur de la dalle doivent \u00eatre r\u00e9alis\u00e9s tous les 3 \u00e0 4 m conform\u00e9ment au DTU. Le lissage doit \u00eatre r\u00e9alis\u00e9 20 \u00e0 30 minutes apr\u00e8s la mise en place.<\/p>\n<h2>Chaux schiste + isoschiste : l\u2019association gagnante<\/h2>\n<p><span style=\"color: #9c4a0e;\">\u2022<\/span> Associer les performances m\u00e9caniques d\u2019une dalle chaux-schiste avec celles d\u2019un h\u00e9risson en <span style=\"font-weight:bold\">Granulex\u00ae<\/span> est une bonne solution pour d\u00e9cupler les performances thermiques et perspirantes de votre sol. Pour plus d\u2019information, consultez notre documentation ECO-SOL.<\/p>\n<table class=\"chaux\">\n<tbody>\n<tr class=\"gris\">\n<td colspan=\"5\" class=\"titre\">Chauxschiste + Isoschiste<\/td>\n<\/tr>\n<tr>\n<td>&nbsp;<\/td>\n<td>Dalle chauxschiste standard<\/td>\n<td>Dalle chauxschiste caverneuse<\/td>\n<\/tr>\n<tr class=\"gris\">\n<td>Chauxschiste 15 cm<\/td>\n<td>0,38<\/td>\n<td>0,50<\/td>\n<\/tr>\n<tr>\n<td>Isoschiste 30 cm<\/td>\n<td>2,50<\/td>\n<td>2,50<\/td>\n<tr class=\"gris\">\n<tr>\n<td>Total<\/td>\n<td>2,88<\/td>\n<td>3,00<\/td>\n<\/tr>\n<tbody>\n<\/table>\n<p><span style=\"color: #9c4a0e;\">\u2022<\/span> <span style=\"font-weight:bold\">Granulex\u00ae<\/span> est recyclable \u00e0 l\u2019infini. Il ne s\u2019use pas et ne se modifie pas dans le temps. Il peut \u00eatre utilis\u00e9 comme isolant ou comme granulat apr\u00e8s la fin de vie du b\u00e2timent.\n<\/div>\n<div class=\"right_bloc\">\n<img loading=\"lazy\" decoding=\"async\" src=\"http:\/\/www.granulex.fr\/wp-content\/uploads\/2012\/01\/Dalle-schiste-Javron-2.png\" alt=\"Dalle schiste Javron\" title=\"Dalle schiste Javron\" width=\"360\" height=\"480\" class=\"aligncenter size-full wp-image-452\" srcset=\"https:\/\/www.granulex.fr\/wp-content\/uploads\/2012\/01\/Dalle-schiste-Javron-2.png 360w, https:\/\/www.granulex.fr\/wp-content\/uploads\/2012\/01\/Dalle-schiste-Javron-2-225x300.png 225w\" sizes=\"auto, (max-width: 360px) 100vw, 360px\" \/><\/p>\n<p class=\"legende\">Dalle de schiste<\/p>\n<p><img loading=\"lazy\" decoding=\"async\" src=\"http:\/\/www.granulex.fr\/wp-content\/uploads\/2012\/01\/ecole-de-Javron-les-chapelles.png\" alt=\"dalle schiste ecole de Javron-les-chapelles\" title=\"dalle schiste ecole de Javron-les-chapelles\" width=\"360\" height=\"480\" class=\"aligncenter size-full wp-image-453\" srcset=\"https:\/\/www.granulex.fr\/wp-content\/uploads\/2012\/01\/ecole-de-Javron-les-chapelles.png 360w, https:\/\/www.granulex.fr\/wp-content\/uploads\/2012\/01\/ecole-de-Javron-les-chapelles-225x300.png 225w\" sizes=\"auto, (max-width: 360px) 100vw, 360px\" \/><\/p>\n<p class=\"legende\">Dalle de schiste<\/p>\n<\/div>\n","protected":false},"excerpt":{"rendered":"<p>Les propri\u00e9t\u00e9s \u2022 Les propri\u00e9t\u00e9s isolantes des granulats de schistes expans\u00e9s Granulex\u00ae (\u03bb=0,12) &#8211; associ\u00e9es \u00e0 la fonction r\u00e9gulatrice eau\/CO2 de la chaux r\u00e9alisent des b\u00e9tons l\u00e9gers, isolants et respirant qui offrent des caract\u00e9ristiques m\u00e9caniques tr\u00e8s sup\u00e9rieures aux b\u00e9tons r\u00e9alis\u00e9s &hellip; <a href=\"https:\/\/www.granulex.fr\/?page_id=113\">Continuer la lecture <span class=\"meta-nav\">&rarr;<\/span><\/a><\/p>\n","protected":false},"author":4,"featured_media":0,"parent":322,"menu_order":3,"comment_status":"closed","ping_status":"open","template":"page-macon.php","meta":{"footnotes":""},"class_list":["post-113","page","type-page","status-publish","hentry"],"_links":{"self":[{"href":"https:\/\/www.granulex.fr\/index.php?rest_route=\/wp\/v2\/pages\/113","targetHints":{"allow":["GET"]}}],"collection":[{"href":"https:\/\/www.granulex.fr\/index.php?rest_route=\/wp\/v2\/pages"}],"about":[{"href":"https:\/\/www.granulex.fr\/index.php?rest_route=\/wp\/v2\/types\/page"}],"author":[{"embeddable":true,"href":"https:\/\/www.granulex.fr\/index.php?rest_route=\/wp\/v2\/users\/4"}],"replies":[{"embeddable":true,"href":"https:\/\/www.granulex.fr\/index.php?rest_route=%2Fwp%2Fv2%2Fcomments&post=113"}],"version-history":[{"count":21,"href":"https:\/\/www.granulex.fr\/index.php?rest_route=\/wp\/v2\/pages\/113\/revisions"}],"predecessor-version":[{"id":863,"href":"https:\/\/www.granulex.fr\/index.php?rest_route=\/wp\/v2\/pages\/113\/revisions\/863"}],"up":[{"embeddable":true,"href":"https:\/\/www.granulex.fr\/index.php?rest_route=\/wp\/v2\/pages\/322"}],"wp:attachment":[{"href":"https:\/\/www.granulex.fr\/index.php?rest_route=%2Fwp%2Fv2%2Fmedia&parent=113"}],"curies":[{"name":"wp","href":"https:\/\/api.w.org\/{rel}","templated":true}]}}