{"id":111,"date":"2012-01-26T15:45:58","date_gmt":"2012-01-26T14:45:58","guid":{"rendered":"http:\/\/www.granulex.fr\/?page_id=111"},"modified":"2012-05-31T16:24:24","modified_gmt":"2012-05-31T14:24:24","slug":"bloc-beton-isolant","status":"publish","type":"page","link":"https:\/\/www.granulex.fr\/?page_id=111","title":{"rendered":"Bloc b\u00e9ton isolant"},"content":{"rendered":"<p><img loading=\"lazy\" decoding=\"async\" src=\"http:\/\/www.granulex.fr\/wp-content\/uploads\/2012\/01\/thermo-rive.png\" alt=\"thermo-rive\" title=\"thermo-rive\" width=\"272\" height=\"106\" class=\"alignleft size-full wp-image-401\" style=\"margin:0\"\/><img loading=\"lazy\" decoding=\"async\" src=\"http:\/\/www.granulex.fr\/wp-content\/uploads\/2012\/01\/energy-pack2.png\" alt=\"energy-pack\" title=\"energy-pack\" width=\"216\" height=\"60\" class=\"alignleft size-full wp-image-415\" style=\"margin:30px\" \/><img loading=\"lazy\" decoding=\"async\" src=\"http:\/\/www.granulex.fr\/wp-content\/uploads\/2012\/01\/easytherm.png\" alt=\"easytherm\" title=\"easytherm\" width=\"175\" height=\"125\" class=\"alignright size-full wp-image-404\" style=\"margin:0\" \/><\/p>\n<div class=\"left_bloc\" style=\"padding-top:25px\">\n<h2>L\u00e9g\u00e8ret\u00e9 et r\u00e9sistance.<\/h2>\n<p><span style=\"color: #9c4a0e;\">\u2022<\/span> <span style=\"font-weight:bold\">Granulex\u00ae<\/span> ne pouvait que devenir un acteur majeur sur le march\u00e9 des b\u00e9tons \u00e0 fortes performances thermiques. C\u2019est chose faite avec le bloc b\u00e9ton EASYTHERM\u00ae et l\u2019ensemble de sa gamme.<\/p>\n<p><span style=\"color: #9c4a0e;\">\u2022<\/span> Autant de produits \u00ab<span style=\"font-weight:bold\">Granulex\u00ae<\/span> inside\u00bb<br \/>\nqui permettent aux constructeurs de concevoir leurs b\u00e2timents \u00e0 haute performance thermique avec des blocs b\u00e9tons innovants.<\/p>\n<p><span style=\"color: #9c4a0e;\">\u2022<\/span> Fruit d\u2019une recherche et d\u00e9veloppement pouss\u00e9s, les solutions thermiques Easytherm\u00ae sont<br \/>\nle fruit d\u2019une collaboration active entre industriels.<\/p>\n<p><span style=\"color: #9c4a0e;\">\u2022<\/span> Elles ont \u00e9galement donn\u00e9 lieu \u00e0 la naissance de l\u2019Energy\u2019Pack\u00ae, solution globale pour la gestion des probl\u00e9matiques thermiques dans le b\u00e2timent.<\/p>\n<p><span style=\"color: #9c4a0e;\">\u2022<\/span> Le fait que les agr\u00e9gats d\u2019ardoise expans\u00e9s pr\u00e9sentent les m\u00eames caract\u00e9ristiques m\u00e9caniques que les agr\u00e9gats de densit\u00e9 standard est d\u00e9terminant vis-\u00e0-vis des performances des solutions thermiques. En effet, <span style=\"font-weight:bold\">Granulex\u00ae<\/span> est le seul agr\u00e9gat l\u00e9ger permettant de concevoir des blocs b\u00e9tons pr\u00e9sentant toutes les qualit\u00e9s des produits standards, eux-m\u00eames incontest\u00e9s pour leurs qualit\u00e9s m\u00e9caniques et leur accroche exceptionnelle des enduits.<\/p>\n<h3 style=\"margin-bottom:30px\">\u00ab Des performances thermiques, sans concessions sur les qualit\u00e9s intrins\u00e8ques du b\u00e9ton \u00bb<\/h3>\n<h2>Qualit\u00e9s des blocs b\u00e9ton isolants \u00e0 base d\u2019ardoise expans\u00e9e :<\/h2>\n<p><span style=\"color: #9c4a0e;\">\u2022<\/span> R\u00e9sistance Thermique : 1.44<br \/>\n<span style=\"color: #9c4a0e;\">\u2022<\/span> Support d\u2019enduit :Rt3<br \/>\n<span style=\"color: #9c4a0e;\">\u2022<\/span> R\u00e9sistance au feu exceptionnelle : REI 120 minutes RE 1180 minutes.<br \/>\n<span style=\"color: #9c4a0e;\">\u2022<\/span> Un produit 100 % fabriqu\u00e9 sur le sol Fran\u00e7ais = un impact environnemental maitris\u00e9.<br \/>\n<span style=\"color: #9c4a0e;\">\u2022<\/span> Une conformit\u00e9 totale avec les normes en vigueur :Gr\u00e2ce \u00e0 des performances m\u00e9caniques in\u00e9gal\u00e9es.<br \/>\n<span style=\"color: #9c4a0e;\">\u2022<\/span> Conforme \u00e0 l\u2019Eurocode 8<br \/>\n<span style=\"color: #9c4a0e;\">\u2022<\/span> Planelle isolante conforme au DTU 20.1<br \/>\n<span style=\"color: #9c4a0e;\">\u2022<\/span> Image cartographie thermique thermorive<br \/>\n<span style=\"color: #9c4a0e;\">\u2022<\/span> Coefficients de transmission lin\u00e9ique d\u00e9passant largement les gardes fous de la RT 2012.<br \/>\n<span style=\"color: #9c4a0e;\">\u2022<\/span> Un rapport poids l\u00e9g\u00e8ret\u00e9 in\u00e9gal\u00e9, une mise en \u0153uvre ais\u00e9e. (Bloc EASYTHERM\u00ae12.5 kg en 20 cm de haut).<\/p>\n<p>Plus d\u2019info sur <a href=\"http:\/\/www.easy-therm.fr\/\" target=\"_blank\">www.easy-therm.fr<\/a>\n<\/div>\n<div class=\"right_bloc\">\n<img loading=\"lazy\" decoding=\"async\" src=\"http:\/\/www.granulex.fr\/wp-content\/uploads\/2012\/01\/cartographie-thermique-thermorive1.png\" alt=\"cartographie-thermique-thermorive\" title=\"cartographie thermique thermorive\" width=\"360\" height=\"307\" class=\"alignleft size-full wp-image-424\" srcset=\"https:\/\/www.granulex.fr\/wp-content\/uploads\/2012\/01\/cartographie-thermique-thermorive1.png 360w, https:\/\/www.granulex.fr\/wp-content\/uploads\/2012\/01\/cartographie-thermique-thermorive1-300x255.png 300w, https:\/\/www.granulex.fr\/wp-content\/uploads\/2012\/01\/cartographie-thermique-thermorive1-351x300.png 351w\" sizes=\"auto, (max-width: 360px) 100vw, 360px\" \/><img loading=\"lazy\" decoding=\"async\" src=\"http:\/\/www.granulex.fr\/wp-content\/uploads\/2011\/11\/essai-cstb.jpg\" alt=\"essais feu CSTB sur thermorive\" title=\"essais feu CSTB sur thermorive\" width=\"360\" height=\"480\" class=\"aligncenter size-full wp-image-652\" srcset=\"https:\/\/www.granulex.fr\/wp-content\/uploads\/2011\/11\/essai-cstb.jpg 360w, https:\/\/www.granulex.fr\/wp-content\/uploads\/2011\/11\/essai-cstb-225x300.jpg 225w\" sizes=\"auto, (max-width: 360px) 100vw, 360px\" \/><\/p>\n<p class=\"legende\">Essai Feu<\/p>\n<\/div>\n","protected":false},"excerpt":{"rendered":"<p>L\u00e9g\u00e8ret\u00e9 et r\u00e9sistance. \u2022 Granulex\u00ae ne pouvait que devenir un acteur majeur sur le march\u00e9 des b\u00e9tons \u00e0 fortes performances thermiques. C\u2019est chose faite avec le bloc b\u00e9ton EASYTHERM\u00ae et l\u2019ensemble de sa gamme. \u2022 Autant de produits \u00abGranulex\u00ae inside\u00bb &hellip; <a href=\"https:\/\/www.granulex.fr\/?page_id=111\">Continuer la lecture <span class=\"meta-nav\">&rarr;<\/span><\/a><\/p>\n","protected":false},"author":4,"featured_media":0,"parent":305,"menu_order":3,"comment_status":"closed","ping_status":"open","template":"page-bpe.php","meta":{"footnotes":""},"class_list":["post-111","page","type-page","status-publish","hentry"],"_links":{"self":[{"href":"https:\/\/www.granulex.fr\/index.php?rest_route=\/wp\/v2\/pages\/111","targetHints":{"allow":["GET"]}}],"collection":[{"href":"https:\/\/www.granulex.fr\/index.php?rest_route=\/wp\/v2\/pages"}],"about":[{"href":"https:\/\/www.granulex.fr\/index.php?rest_route=\/wp\/v2\/types\/page"}],"author":[{"embeddable":true,"href":"https:\/\/www.granulex.fr\/index.php?rest_route=\/wp\/v2\/users\/4"}],"replies":[{"embeddable":true,"href":"https:\/\/www.granulex.fr\/index.php?rest_route=%2Fwp%2Fv2%2Fcomments&post=111"}],"version-history":[{"count":35,"href":"https:\/\/www.granulex.fr\/index.php?rest_route=\/wp\/v2\/pages\/111\/revisions"}],"predecessor-version":[{"id":857,"href":"https:\/\/www.granulex.fr\/index.php?rest_route=\/wp\/v2\/pages\/111\/revisions\/857"}],"up":[{"embeddable":true,"href":"https:\/\/www.granulex.fr\/index.php?rest_route=\/wp\/v2\/pages\/305"}],"wp:attachment":[{"href":"https:\/\/www.granulex.fr\/index.php?rest_route=%2Fwp%2Fv2%2Fmedia&parent=111"}],"curies":[{"name":"wp","href":"https:\/\/api.w.org\/{rel}","templated":true}]}}